{"id":1142,"date":"2022-11-23T23:27:52","date_gmt":"2022-11-23T23:27:52","guid":{"rendered":"https:\/\/afturelding.is\/fjaroflun\/?post_type=product&#038;p=1142"},"modified":"2022-12-08T00:07:00","modified_gmt":"2022-12-08T00:07:00","slug":"jolagodgaeti-litill","status":"publish","type":"product","link":"https:\/\/afturelding.is\/fjaroflun\/vara\/jolagodgaeti-litill\/","title":{"rendered":"J\u00f3lag\u00f3\u00f0g\u00e6ti &#8211; l\u00edtill"},"content":{"rendered":"<p>J\u00f3lapakki fr\u00e1 Kj\u00f6b\u00fa\u00f0inni sem inniheldur<br \/>\n\u2022 Hreind\u00fdrapat\u00e9<br \/>\n\u2022 G\u00e6sapat\u00e9<br \/>\n\u2022 Piparr\u00f3tars\u00f3su<br \/>\n\u2022 Sulta\u00f0an rau\u00f0lauk<br \/>\n\u2022 Piparost<br \/>\n\u2022 Belg\u00edskt s\u00fakkula\u00f0i<\/p>\n","protected":false},"excerpt":{"rendered":"<p>J\u00f3lapakki fr\u00e1 Kj\u00f6b\u00fa\u00f0inni sem inniheldur<br \/>\n\u2022 Hreind\u00fdrapat\u00e9<br \/>\n\u2022 G\u00e6sapat\u00e9<br \/>\n\u2022 Piparr\u00f3tars\u00f3su<br \/>\n\u2022 Sulta\u00f0an rau\u00f0lauk<br \/>\n\u2022 Piparost<br \/>\n\u2022 Belg\u00edskt s\u00fakkula\u00f0i<\/p>\n","protected":false},"featured_media":1151,"template":"","meta":[],"product_cat":[15],"product_tag":[],"class_list":["post-1142","product","type-product","status-publish","has-post-thumbnail","hentry","product_cat-fjaroflun"],"_links":{"self":[{"href":"https:\/\/afturelding.is\/fjaroflun\/wp-json\/wp\/v2\/product\/1142","targetHints":{"allow":["GET"]}}],"collection":[{"href":"https:\/\/afturelding.is\/fjaroflun\/wp-json\/wp\/v2\/product"}],"about":[{"href":"https:\/\/afturelding.is\/fjaroflun\/wp-json\/wp\/v2\/types\/product"}],"wp:featuredmedia":[{"embeddable":true,"href":"https:\/\/afturelding.is\/fjaroflun\/wp-json\/wp\/v2\/media\/1151"}],"wp:attachment":[{"href":"https:\/\/afturelding.is\/fjaroflun\/wp-json\/wp\/v2\/media?parent=1142"}],"wp:term":[{"taxonomy":"product_cat","embeddable":true,"href":"https:\/\/afturelding.is\/fjaroflun\/wp-json\/wp\/v2\/product_cat?post=1142"},{"taxonomy":"product_tag","embeddable":true,"href":"https:\/\/afturelding.is\/fjaroflun\/wp-json\/wp\/v2\/product_tag?post=1142"}],"curies":[{"name":"wp","href":"https:\/\/api.w.org\/{rel}","templated":true}]}}