{"id":1143,"date":"2022-11-23T23:30:09","date_gmt":"2022-11-23T23:30:09","guid":{"rendered":"https:\/\/afturelding.is\/fjaroflun\/?post_type=product&#038;p=1143"},"modified":"2022-12-08T00:07:00","modified_gmt":"2022-12-08T00:07:00","slug":"jolagodgaeti-stor","status":"publish","type":"product","link":"https:\/\/afturelding.is\/fjaroflun\/vara\/jolagodgaeti-stor\/","title":{"rendered":"J\u00f3lag\u00f3\u00f0g\u00e6ti &#8211; st\u00f3r"},"content":{"rendered":"<p>J\u00f3lapakki fr\u00e1 Kj\u00f6b\u00fa\u00f0inni sem inniheldur<br \/>\n\u2022 Grafi\u00f0 hrossafile<br \/>\n\u2022 Grafi\u00f0 lamb<br \/>\n\u2022 Hreind\u00fdrapat\u00e9<br \/>\n\u2022 G\u00e6sapat\u00e9<br \/>\n\u2022 Piparr\u00f3tars\u00f3su<br \/>\n\u2022 Sulta\u00f0an rau\u00f0lauk<br \/>\n\u2022 Gull ost<br \/>\n\u2022 Belg\u00edskt s\u00fakkula\u00f0i<\/p>\n","protected":false},"excerpt":{"rendered":"<p>J\u00f3lapakki fr\u00e1 Kj\u00f6b\u00fa\u00f0inni sem inniheldur<br \/>\n\u2022 Grafi\u00f0 hrossafile<br \/>\n\u2022 Grafi\u00f0 lamb<br \/>\n\u2022 Hreind\u00fdrapat\u00e9<br \/>\n\u2022 G\u00e6sapat\u00e9<br \/>\n\u2022 Piparr\u00f3tars\u00f3su<br \/>\n\u2022 Sulta\u00f0an rau\u00f0lauk<br \/>\n\u2022 Gull ost<br \/>\n\u2022 Belg\u00edskt s\u00fakkula\u00f0i<\/p>\n","protected":false},"featured_media":1154,"template":"","meta":[],"product_cat":[15],"product_tag":[],"class_list":["post-1143","product","type-product","status-publish","has-post-thumbnail","hentry","product_cat-fjaroflun"],"_links":{"self":[{"href":"https:\/\/afturelding.is\/fjaroflun\/wp-json\/wp\/v2\/product\/1143","targetHints":{"allow":["GET"]}}],"collection":[{"href":"https:\/\/afturelding.is\/fjaroflun\/wp-json\/wp\/v2\/product"}],"about":[{"href":"https:\/\/afturelding.is\/fjaroflun\/wp-json\/wp\/v2\/types\/product"}],"wp:featuredmedia":[{"embeddable":true,"href":"https:\/\/afturelding.is\/fjaroflun\/wp-json\/wp\/v2\/media\/1154"}],"wp:attachment":[{"href":"https:\/\/afturelding.is\/fjaroflun\/wp-json\/wp\/v2\/media?parent=1143"}],"wp:term":[{"taxonomy":"product_cat","embeddable":true,"href":"https:\/\/afturelding.is\/fjaroflun\/wp-json\/wp\/v2\/product_cat?post=1143"},{"taxonomy":"product_tag","embeddable":true,"href":"https:\/\/afturelding.is\/fjaroflun\/wp-json\/wp\/v2\/product_tag?post=1143"}],"curies":[{"name":"wp","href":"https:\/\/api.w.org\/{rel}","templated":true}]}}