{"id":1147,"date":"2022-11-23T23:43:53","date_gmt":"2022-11-23T23:43:53","guid":{"rendered":"https:\/\/afturelding.is\/fjaroflun\/?post_type=product&#038;p=1147"},"modified":"2022-12-08T00:07:00","modified_gmt":"2022-12-08T00:07:00","slug":"smakokupakki","status":"publish","type":"product","link":"https:\/\/afturelding.is\/fjaroflun\/vara\/smakokupakki\/","title":{"rendered":"Br\u00f6nspakki"},"content":{"rendered":"<p>Br\u00f6nspakki fr\u00e1 K\u00f6tlu<br \/>\n\u2022 V\u00f6fflu mix<br \/>\n\u2022 P\u00f6nnuk\u00f6ku mix<br \/>\n\u2022 S\u00fakkula\u00f0ik\u00f6ku mix<\/p>\n","protected":false},"excerpt":{"rendered":"<p>Br\u00f6nspakki fr\u00e1 K\u00f6tlu<br \/>\n\u2022 V\u00f6fflu mix<br \/>\n\u2022 P\u00f6nnuk\u00f6ku mix<br \/>\n\u2022 S\u00fakkula\u00f0ik\u00f6ku mix<\/p>\n","protected":false},"featured_media":1158,"template":"","meta":[],"product_cat":[15],"product_tag":[],"class_list":["post-1147","product","type-product","status-publish","has-post-thumbnail","hentry","product_cat-fjaroflun"],"_links":{"self":[{"href":"https:\/\/afturelding.is\/fjaroflun\/wp-json\/wp\/v2\/product\/1147","targetHints":{"allow":["GET"]}}],"collection":[{"href":"https:\/\/afturelding.is\/fjaroflun\/wp-json\/wp\/v2\/product"}],"about":[{"href":"https:\/\/afturelding.is\/fjaroflun\/wp-json\/wp\/v2\/types\/product"}],"wp:featuredmedia":[{"embeddable":true,"href":"https:\/\/afturelding.is\/fjaroflun\/wp-json\/wp\/v2\/media\/1158"}],"wp:attachment":[{"href":"https:\/\/afturelding.is\/fjaroflun\/wp-json\/wp\/v2\/media?parent=1147"}],"wp:term":[{"taxonomy":"product_cat","embeddable":true,"href":"https:\/\/afturelding.is\/fjaroflun\/wp-json\/wp\/v2\/product_cat?post=1147"},{"taxonomy":"product_tag","embeddable":true,"href":"https:\/\/afturelding.is\/fjaroflun\/wp-json\/wp\/v2\/product_tag?post=1147"}],"curies":[{"name":"wp","href":"https:\/\/api.w.org\/{rel}","templated":true}]}}