{"id":1149,"date":"2022-11-23T23:57:38","date_gmt":"2022-11-23T23:57:38","guid":{"rendered":"https:\/\/afturelding.is\/fjaroflun\/?post_type=product&#038;p=1149"},"modified":"2022-12-08T00:06:59","modified_gmt":"2022-12-08T00:06:59","slug":"smakokupakki-2","status":"publish","type":"product","link":"https:\/\/afturelding.is\/fjaroflun\/vara\/smakokupakki-2\/","title":{"rendered":"Sm\u00e1k\u00f6kupakki"},"content":{"rendered":"<p>Sm\u00e1k\u00f6kupakki fr\u00e1 K\u00f6tlu<br \/>\n4 tegundir af sm\u00e1k\u00f6kudeigi<br \/>\n\u2022 S\u00fakkula\u00f0ibitak\u00f6kur<br \/>\n\u2022 Hv\u00edt-s\u00fakkula\u00f0ibitak\u00f6kur<br \/>\n\u2022 K\u00f3kosk\u00f6kur<br \/>\n\u2022 Lakkr\u00edsbitak\u00f6kur<\/p>\n","protected":false},"excerpt":{"rendered":"<p>Sm\u00e1k\u00f6kupakki fr\u00e1 K\u00f6tlu<br \/>\n4 tegundir af sm\u00e1k\u00f6kudeigi<br \/>\n\u2022 S\u00fakkula\u00f0ibitak\u00f6kur<br \/>\n\u2022 Hv\u00edt-s\u00fakkula\u00f0ibitak\u00f6kur<br \/>\n\u2022 K\u00f3kosk\u00f6kur<br \/>\n\u2022 Lakkr\u00edsbitak\u00f6kur<\/p>\n","protected":false},"featured_media":1159,"template":"","meta":[],"product_cat":[15],"product_tag":[],"class_list":["post-1149","product","type-product","status-publish","has-post-thumbnail","hentry","product_cat-fjaroflun"],"_links":{"self":[{"href":"https:\/\/afturelding.is\/fjaroflun\/wp-json\/wp\/v2\/product\/1149","targetHints":{"allow":["GET"]}}],"collection":[{"href":"https:\/\/afturelding.is\/fjaroflun\/wp-json\/wp\/v2\/product"}],"about":[{"href":"https:\/\/afturelding.is\/fjaroflun\/wp-json\/wp\/v2\/types\/product"}],"wp:featuredmedia":[{"embeddable":true,"href":"https:\/\/afturelding.is\/fjaroflun\/wp-json\/wp\/v2\/media\/1159"}],"wp:attachment":[{"href":"https:\/\/afturelding.is\/fjaroflun\/wp-json\/wp\/v2\/media?parent=1149"}],"wp:term":[{"taxonomy":"product_cat","embeddable":true,"href":"https:\/\/afturelding.is\/fjaroflun\/wp-json\/wp\/v2\/product_cat?post=1149"},{"taxonomy":"product_tag","embeddable":true,"href":"https:\/\/afturelding.is\/fjaroflun\/wp-json\/wp\/v2\/product_tag?post=1149"}],"curies":[{"name":"wp","href":"https:\/\/api.w.org\/{rel}","templated":true}]}}