{"id":1150,"date":"2022-11-24T22:05:12","date_gmt":"2022-11-24T22:05:12","guid":{"rendered":"https:\/\/afturelding.is\/fjaroflun\/?post_type=product&#038;p=1150"},"modified":"2022-12-08T00:06:59","modified_gmt":"2022-12-08T00:06:59","slug":"jolakaffi-malad","status":"publish","type":"product","link":"https:\/\/afturelding.is\/fjaroflun\/vara\/jolakaffi-malad\/","title":{"rendered":"J\u00f3lakaffi, mala\u00f0"},"content":{"rendered":"<p>J\u00f3lakaffi mala\u00f0 fr\u00e1 Te &amp; kaffi, 3 pokar<\/p>\n","protected":false},"excerpt":{"rendered":"<p>J\u00f3lakaffi mala\u00f0 fr\u00e1 Te &amp; kaffi, 3 pokar<\/p>\n","protected":false},"featured_media":1160,"template":"","meta":[],"product_cat":[15],"product_tag":[],"class_list":["post-1150","product","type-product","status-publish","has-post-thumbnail","hentry","product_cat-fjaroflun"],"_links":{"self":[{"href":"https:\/\/afturelding.is\/fjaroflun\/wp-json\/wp\/v2\/product\/1150","targetHints":{"allow":["GET"]}}],"collection":[{"href":"https:\/\/afturelding.is\/fjaroflun\/wp-json\/wp\/v2\/product"}],"about":[{"href":"https:\/\/afturelding.is\/fjaroflun\/wp-json\/wp\/v2\/types\/product"}],"wp:featuredmedia":[{"embeddable":true,"href":"https:\/\/afturelding.is\/fjaroflun\/wp-json\/wp\/v2\/media\/1160"}],"wp:attachment":[{"href":"https:\/\/afturelding.is\/fjaroflun\/wp-json\/wp\/v2\/media?parent=1150"}],"wp:term":[{"taxonomy":"product_cat","embeddable":true,"href":"https:\/\/afturelding.is\/fjaroflun\/wp-json\/wp\/v2\/product_cat?post=1150"},{"taxonomy":"product_tag","embeddable":true,"href":"https:\/\/afturelding.is\/fjaroflun\/wp-json\/wp\/v2\/product_tag?post=1150"}],"curies":[{"name":"wp","href":"https:\/\/api.w.org\/{rel}","templated":true}]}}