{"id":1161,"date":"2022-11-24T22:05:23","date_gmt":"2022-11-24T22:05:23","guid":{"rendered":"https:\/\/afturelding.is\/fjaroflun\/?post_type=product&#038;p=1161"},"modified":"2022-12-08T00:06:59","modified_gmt":"2022-12-08T00:06:59","slug":"jolakaffi-baunir","status":"publish","type":"product","link":"https:\/\/afturelding.is\/fjaroflun\/vara\/jolakaffi-baunir\/","title":{"rendered":"J\u00f3lakaffi, baunir"},"content":{"rendered":"<p>J\u00f3lakaffibaunir fr\u00e1 Te &amp; kaffi, 3 pokar<\/p>\n","protected":false},"excerpt":{"rendered":"<p>J\u00f3lakaffibaunir fr\u00e1 Te &amp; kaffi, 3 pokar<\/p>\n","protected":false},"featured_media":1162,"template":"","meta":[],"product_cat":[15],"product_tag":[],"class_list":["post-1161","product","type-product","status-publish","has-post-thumbnail","hentry","product_cat-fjaroflun"],"_links":{"self":[{"href":"https:\/\/afturelding.is\/fjaroflun\/wp-json\/wp\/v2\/product\/1161","targetHints":{"allow":["GET"]}}],"collection":[{"href":"https:\/\/afturelding.is\/fjaroflun\/wp-json\/wp\/v2\/product"}],"about":[{"href":"https:\/\/afturelding.is\/fjaroflun\/wp-json\/wp\/v2\/types\/product"}],"wp:featuredmedia":[{"embeddable":true,"href":"https:\/\/afturelding.is\/fjaroflun\/wp-json\/wp\/v2\/media\/1162"}],"wp:attachment":[{"href":"https:\/\/afturelding.is\/fjaroflun\/wp-json\/wp\/v2\/media?parent=1161"}],"wp:term":[{"taxonomy":"product_cat","embeddable":true,"href":"https:\/\/afturelding.is\/fjaroflun\/wp-json\/wp\/v2\/product_cat?post=1161"},{"taxonomy":"product_tag","embeddable":true,"href":"https:\/\/afturelding.is\/fjaroflun\/wp-json\/wp\/v2\/product_tag?post=1161"}],"curies":[{"name":"wp","href":"https:\/\/api.w.org\/{rel}","templated":true}]}}