{"id":1163,"date":"2022-11-24T22:12:12","date_gmt":"2022-11-24T22:12:12","guid":{"rendered":"https:\/\/afturelding.is\/fjaroflun\/?post_type=product&#038;p=1163"},"modified":"2022-12-08T00:06:59","modified_gmt":"2022-12-08T00:06:59","slug":"nespresso-kaffihylki","status":"publish","type":"product","link":"https:\/\/afturelding.is\/fjaroflun\/vara\/nespresso-kaffihylki\/","title":{"rendered":"Nespresso kaffihylki"},"content":{"rendered":"<p>Vistv\u00e6n kaffihylki fyrir Nespresso v\u00e9lar fr\u00e1 Te &amp; kaffi, 3 teg.<\/p>\n<ul>\n<li>Columbia Santos<\/li>\n<li>Espresso Roma<\/li>\n<li>French Roast<\/li>\n<\/ul>\n","protected":false},"excerpt":{"rendered":"<p>Vistv\u00e6n kaffihylki fyrir Nespresso v\u00e9lar fr\u00e1 Te &amp; kaffi, 3 teg.<\/p>\n<p>Columbia Santos<br \/>\nEspresso Roma<br \/>\nFrench Roast<\/p>\n","protected":false},"featured_media":1164,"template":"","meta":[],"product_cat":[15],"product_tag":[],"class_list":["post-1163","product","type-product","status-publish","has-post-thumbnail","hentry","product_cat-fjaroflun"],"_links":{"self":[{"href":"https:\/\/afturelding.is\/fjaroflun\/wp-json\/wp\/v2\/product\/1163","targetHints":{"allow":["GET"]}}],"collection":[{"href":"https:\/\/afturelding.is\/fjaroflun\/wp-json\/wp\/v2\/product"}],"about":[{"href":"https:\/\/afturelding.is\/fjaroflun\/wp-json\/wp\/v2\/types\/product"}],"wp:featuredmedia":[{"embeddable":true,"href":"https:\/\/afturelding.is\/fjaroflun\/wp-json\/wp\/v2\/media\/1164"}],"wp:attachment":[{"href":"https:\/\/afturelding.is\/fjaroflun\/wp-json\/wp\/v2\/media?parent=1163"}],"wp:term":[{"taxonomy":"product_cat","embeddable":true,"href":"https:\/\/afturelding.is\/fjaroflun\/wp-json\/wp\/v2\/product_cat?post=1163"},{"taxonomy":"product_tag","embeddable":true,"href":"https:\/\/afturelding.is\/fjaroflun\/wp-json\/wp\/v2\/product_tag?post=1163"}],"curies":[{"name":"wp","href":"https:\/\/api.w.org\/{rel}","templated":true}]}}