{"id":1170,"date":"2022-11-24T22:17:21","date_gmt":"2022-11-24T22:17:21","guid":{"rendered":"https:\/\/afturelding.is\/fjaroflun\/?post_type=product&#038;p=1170"},"modified":"2022-12-08T00:06:59","modified_gmt":"2022-12-08T00:06:59","slug":"bokin-um-bukollu","status":"publish","type":"product","link":"https:\/\/afturelding.is\/fjaroflun\/vara\/bokin-um-bukollu\/","title":{"rendered":"B\u00f3kin um B\u00fakollu"},"content":{"rendered":"<p>B\u00f3k um B\u00fakollu eftir Mosfellinginn Huginn \u00de\u00f3r Gr\u00e9tarsson<\/p>\n","protected":false},"excerpt":{"rendered":"<p>B\u00f3k um B\u00fakollu eftir Mosfellinginn Huginn \u00de\u00f3r Gr\u00e9tarsson<\/p>\n","protected":false},"featured_media":1171,"template":"","meta":[],"product_cat":[15],"product_tag":[],"class_list":["post-1170","product","type-product","status-publish","has-post-thumbnail","hentry","product_cat-fjaroflun"],"_links":{"self":[{"href":"https:\/\/afturelding.is\/fjaroflun\/wp-json\/wp\/v2\/product\/1170","targetHints":{"allow":["GET"]}}],"collection":[{"href":"https:\/\/afturelding.is\/fjaroflun\/wp-json\/wp\/v2\/product"}],"about":[{"href":"https:\/\/afturelding.is\/fjaroflun\/wp-json\/wp\/v2\/types\/product"}],"wp:featuredmedia":[{"embeddable":true,"href":"https:\/\/afturelding.is\/fjaroflun\/wp-json\/wp\/v2\/media\/1171"}],"wp:attachment":[{"href":"https:\/\/afturelding.is\/fjaroflun\/wp-json\/wp\/v2\/media?parent=1170"}],"wp:term":[{"taxonomy":"product_cat","embeddable":true,"href":"https:\/\/afturelding.is\/fjaroflun\/wp-json\/wp\/v2\/product_cat?post=1170"},{"taxonomy":"product_tag","embeddable":true,"href":"https:\/\/afturelding.is\/fjaroflun\/wp-json\/wp\/v2\/product_tag?post=1170"}],"curies":[{"name":"wp","href":"https:\/\/api.w.org\/{rel}","templated":true}]}}