{"id":1409,"date":"2023-09-26T19:59:15","date_gmt":"2023-09-26T19:59:15","guid":{"rendered":"https:\/\/afturelding.is\/fjaroflun\/?post_type=product&#038;p=1409"},"modified":"2023-10-05T09:28:13","modified_gmt":"2023-10-05T09:28:13","slug":"threnna","status":"publish","type":"product","link":"https:\/\/afturelding.is\/fjaroflun\/vara\/threnna\/","title":{"rendered":"\u00derenna"},"content":{"rendered":"<p>R\u00eds kubbar, Sm\u00e1 draumur, Hitt kubbar fr\u00e1 Freyju<\/p>\n","protected":false},"excerpt":{"rendered":"<p>R\u00eds kubbar, Sm\u00e1 draumur, Hitt kubbar fr\u00e1 Freyju<\/p>\n","protected":false},"featured_media":1410,"template":"","meta":[],"product_cat":[15],"product_tag":[],"class_list":["post-1409","product","type-product","status-publish","has-post-thumbnail","hentry","product_cat-fjaroflun"],"_links":{"self":[{"href":"https:\/\/afturelding.is\/fjaroflun\/wp-json\/wp\/v2\/product\/1409","targetHints":{"allow":["GET"]}}],"collection":[{"href":"https:\/\/afturelding.is\/fjaroflun\/wp-json\/wp\/v2\/product"}],"about":[{"href":"https:\/\/afturelding.is\/fjaroflun\/wp-json\/wp\/v2\/types\/product"}],"wp:featuredmedia":[{"embeddable":true,"href":"https:\/\/afturelding.is\/fjaroflun\/wp-json\/wp\/v2\/media\/1410"}],"wp:attachment":[{"href":"https:\/\/afturelding.is\/fjaroflun\/wp-json\/wp\/v2\/media?parent=1409"}],"wp:term":[{"taxonomy":"product_cat","embeddable":true,"href":"https:\/\/afturelding.is\/fjaroflun\/wp-json\/wp\/v2\/product_cat?post=1409"},{"taxonomy":"product_tag","embeddable":true,"href":"https:\/\/afturelding.is\/fjaroflun\/wp-json\/wp\/v2\/product_tag?post=1409"}],"curies":[{"name":"wp","href":"https:\/\/api.w.org\/{rel}","templated":true}]}}