{"id":1569,"date":"2024-04-20T10:20:20","date_gmt":"2024-04-20T10:20:20","guid":{"rendered":"https:\/\/afturelding.is\/fjaroflun\/?post_type=product&#038;p=1569"},"modified":"2024-04-29T09:54:07","modified_gmt":"2024-04-29T09:54:07","slug":"nammi-threnna","status":"publish","type":"product","link":"https:\/\/afturelding.is\/fjaroflun\/vara\/nammi-threnna\/","title":{"rendered":"Nammi \u00ferenna"},"content":{"rendered":"","protected":false},"excerpt":{"rendered":"<p>\u00der\u00edr kassar af nammi &#8211; R\u00eds, Draumur og Hitt<\/p>\n","protected":false},"featured_media":1570,"template":"","meta":[],"product_cat":[15],"product_tag":[],"class_list":["post-1569","product","type-product","status-publish","has-post-thumbnail","hentry","product_cat-fjaroflun"],"_links":{"self":[{"href":"https:\/\/afturelding.is\/fjaroflun\/wp-json\/wp\/v2\/product\/1569","targetHints":{"allow":["GET"]}}],"collection":[{"href":"https:\/\/afturelding.is\/fjaroflun\/wp-json\/wp\/v2\/product"}],"about":[{"href":"https:\/\/afturelding.is\/fjaroflun\/wp-json\/wp\/v2\/types\/product"}],"wp:featuredmedia":[{"embeddable":true,"href":"https:\/\/afturelding.is\/fjaroflun\/wp-json\/wp\/v2\/media\/1570"}],"wp:attachment":[{"href":"https:\/\/afturelding.is\/fjaroflun\/wp-json\/wp\/v2\/media?parent=1569"}],"wp:term":[{"taxonomy":"product_cat","embeddable":true,"href":"https:\/\/afturelding.is\/fjaroflun\/wp-json\/wp\/v2\/product_cat?post=1569"},{"taxonomy":"product_tag","embeddable":true,"href":"https:\/\/afturelding.is\/fjaroflun\/wp-json\/wp\/v2\/product_tag?post=1569"}],"curies":[{"name":"wp","href":"https:\/\/api.w.org\/{rel}","templated":true}]}}