{"id":157,"date":"2019-11-29T20:47:44","date_gmt":"2019-11-29T20:47:44","guid":{"rendered":"https:\/\/afturelding.is\/fjaroflun\/?post_type=product&#038;p=157"},"modified":"2025-02-06T08:00:39","modified_gmt":"2025-02-06T08:00:39","slug":"luxus-wc-pappir","status":"publish","type":"product","link":"https:\/\/afturelding.is\/fjaroflun\/vara\/luxus-wc-pappir\/","title":{"rendered":"L\u00faxus WC papp\u00edr"},"content":{"rendered":"<p>3ja laga papp\u00edr, 36 r\u00fallur \u00ed pakkningu<\/p>\n","protected":false},"excerpt":{"rendered":"<p>3ja laga &#8211; 200 bla\u00f0a r\u00fallur<\/p>\n<p>22 mtr. pr. r\u00fallu<\/p>\n<p>36 r\u00fallur \u00ed pakkningu<\/p>\n","protected":false},"featured_media":1073,"template":"","meta":[],"product_cat":[15],"product_tag":[],"class_list":["post-157","product","type-product","status-publish","has-post-thumbnail","hentry","product_cat-fjaroflun"],"_links":{"self":[{"href":"https:\/\/afturelding.is\/fjaroflun\/wp-json\/wp\/v2\/product\/157","targetHints":{"allow":["GET"]}}],"collection":[{"href":"https:\/\/afturelding.is\/fjaroflun\/wp-json\/wp\/v2\/product"}],"about":[{"href":"https:\/\/afturelding.is\/fjaroflun\/wp-json\/wp\/v2\/types\/product"}],"wp:featuredmedia":[{"embeddable":true,"href":"https:\/\/afturelding.is\/fjaroflun\/wp-json\/wp\/v2\/media\/1073"}],"wp:attachment":[{"href":"https:\/\/afturelding.is\/fjaroflun\/wp-json\/wp\/v2\/media?parent=157"}],"wp:term":[{"taxonomy":"product_cat","embeddable":true,"href":"https:\/\/afturelding.is\/fjaroflun\/wp-json\/wp\/v2\/product_cat?post=157"},{"taxonomy":"product_tag","embeddable":true,"href":"https:\/\/afturelding.is\/fjaroflun\/wp-json\/wp\/v2\/product_tag?post=157"}],"curies":[{"name":"wp","href":"https:\/\/api.w.org\/{rel}","templated":true}]}}