{"id":1571,"date":"2024-04-20T10:23:56","date_gmt":"2024-04-20T10:23:56","guid":{"rendered":"https:\/\/afturelding.is\/fjaroflun\/?post_type=product&#038;p=1571"},"modified":"2024-04-29T09:53:57","modified_gmt":"2024-04-29T09:53:57","slug":"pizzaoliur-2-floskur","status":"publish","type":"product","link":"https:\/\/afturelding.is\/fjaroflun\/vara\/pizzaoliur-2-floskur\/","title":{"rendered":"Pizzaol\u00edur 2 fl\u00f6skur"},"content":{"rendered":"","protected":false},"excerpt":{"rendered":"<p>2 fl\u00f6skur af pizzaol\u00edu, Hv\u00edtlauks og Chili 250 ml.<\/p>\n","protected":false},"featured_media":1572,"template":"","meta":[],"product_cat":[15],"product_tag":[],"class_list":["post-1571","product","type-product","status-publish","has-post-thumbnail","hentry","product_cat-fjaroflun"],"_links":{"self":[{"href":"https:\/\/afturelding.is\/fjaroflun\/wp-json\/wp\/v2\/product\/1571","targetHints":{"allow":["GET"]}}],"collection":[{"href":"https:\/\/afturelding.is\/fjaroflun\/wp-json\/wp\/v2\/product"}],"about":[{"href":"https:\/\/afturelding.is\/fjaroflun\/wp-json\/wp\/v2\/types\/product"}],"wp:featuredmedia":[{"embeddable":true,"href":"https:\/\/afturelding.is\/fjaroflun\/wp-json\/wp\/v2\/media\/1572"}],"wp:attachment":[{"href":"https:\/\/afturelding.is\/fjaroflun\/wp-json\/wp\/v2\/media?parent=1571"}],"wp:term":[{"taxonomy":"product_cat","embeddable":true,"href":"https:\/\/afturelding.is\/fjaroflun\/wp-json\/wp\/v2\/product_cat?post=1571"},{"taxonomy":"product_tag","embeddable":true,"href":"https:\/\/afturelding.is\/fjaroflun\/wp-json\/wp\/v2\/product_tag?post=1571"}],"curies":[{"name":"wp","href":"https:\/\/api.w.org\/{rel}","templated":true}]}}