{"id":1626,"date":"2024-11-21T11:49:40","date_gmt":"2024-11-21T11:49:40","guid":{"rendered":"https:\/\/afturelding.is\/fjaroflun\/?post_type=product&#038;p=1626"},"modified":"2024-12-04T08:12:34","modified_gmt":"2024-12-04T08:12:34","slug":"kiwanis-nammikassi","status":"publish","type":"product","link":"https:\/\/afturelding.is\/fjaroflun\/vara\/kiwanis-nammikassi\/","title":{"rendered":"Kiwanis nammikassi"},"content":{"rendered":"<p>fylltur hj\u00faplakkr\u00eds, s\u00fakkula\u00f0i r\u00fas\u00ednur, bangsahlaup, conga s\u00fakkula\u00f0i, risahraun, Lindu lindor s\u00fakkula\u00f0i, appalo blanda\u00f0ur lakkr\u00eds<\/p>\n","protected":false},"excerpt":{"rendered":"<p>fylltur hj\u00faplakkr\u00eds, s\u00fakkula\u00f0i r\u00fas\u00ednur, bangsahlaup, conga s\u00fakkula\u00f0i, risahraun, Lindu lindor s\u00fakkula\u00f0i, appalo blanda\u00f0ur lakkr\u00eds<\/p>\n","protected":false},"featured_media":1627,"template":"","meta":[],"product_cat":[15],"product_tag":[],"class_list":["post-1626","product","type-product","status-publish","has-post-thumbnail","hentry","product_cat-fjaroflun"],"_links":{"self":[{"href":"https:\/\/afturelding.is\/fjaroflun\/wp-json\/wp\/v2\/product\/1626","targetHints":{"allow":["GET"]}}],"collection":[{"href":"https:\/\/afturelding.is\/fjaroflun\/wp-json\/wp\/v2\/product"}],"about":[{"href":"https:\/\/afturelding.is\/fjaroflun\/wp-json\/wp\/v2\/types\/product"}],"wp:featuredmedia":[{"embeddable":true,"href":"https:\/\/afturelding.is\/fjaroflun\/wp-json\/wp\/v2\/media\/1627"}],"wp:attachment":[{"href":"https:\/\/afturelding.is\/fjaroflun\/wp-json\/wp\/v2\/media?parent=1626"}],"wp:term":[{"taxonomy":"product_cat","embeddable":true,"href":"https:\/\/afturelding.is\/fjaroflun\/wp-json\/wp\/v2\/product_cat?post=1626"},{"taxonomy":"product_tag","embeddable":true,"href":"https:\/\/afturelding.is\/fjaroflun\/wp-json\/wp\/v2\/product_tag?post=1626"}],"curies":[{"name":"wp","href":"https:\/\/api.w.org\/{rel}","templated":true}]}}