{"id":1628,"date":"2024-11-21T11:50:45","date_gmt":"2024-11-21T11:50:45","guid":{"rendered":"https:\/\/afturelding.is\/fjaroflun\/?post_type=product&#038;p=1628"},"modified":"2024-12-04T08:12:17","modified_gmt":"2024-12-04T08:12:17","slug":"hjartahalsmen","status":"publish","type":"product","link":"https:\/\/afturelding.is\/fjaroflun\/vara\/hjartahalsmen\/","title":{"rendered":"Hjartah\u00e1lsmen"},"content":{"rendered":"<p>Hjartah\u00e1lsmen sem h\u00e6gt er a\u00f0 opna. Silfurh\u00fa\u00f0u\u00f0 ke\u00f0ja 60 cm<\/p>\n","protected":false},"excerpt":{"rendered":"<p>Hjartah\u00e1lsmen sem h\u00e6gt er a\u00f0 opna. Silfurh\u00fa\u00f0u\u00f0 ke\u00f0ja 60 cm<\/p>\n","protected":false},"featured_media":1629,"template":"","meta":[],"product_cat":[15],"product_tag":[],"class_list":["post-1628","product","type-product","status-publish","has-post-thumbnail","hentry","product_cat-fjaroflun"],"_links":{"self":[{"href":"https:\/\/afturelding.is\/fjaroflun\/wp-json\/wp\/v2\/product\/1628","targetHints":{"allow":["GET"]}}],"collection":[{"href":"https:\/\/afturelding.is\/fjaroflun\/wp-json\/wp\/v2\/product"}],"about":[{"href":"https:\/\/afturelding.is\/fjaroflun\/wp-json\/wp\/v2\/types\/product"}],"wp:featuredmedia":[{"embeddable":true,"href":"https:\/\/afturelding.is\/fjaroflun\/wp-json\/wp\/v2\/media\/1629"}],"wp:attachment":[{"href":"https:\/\/afturelding.is\/fjaroflun\/wp-json\/wp\/v2\/media?parent=1628"}],"wp:term":[{"taxonomy":"product_cat","embeddable":true,"href":"https:\/\/afturelding.is\/fjaroflun\/wp-json\/wp\/v2\/product_cat?post=1628"},{"taxonomy":"product_tag","embeddable":true,"href":"https:\/\/afturelding.is\/fjaroflun\/wp-json\/wp\/v2\/product_tag?post=1628"}],"curies":[{"name":"wp","href":"https:\/\/api.w.org\/{rel}","templated":true}]}}