{"id":1630,"date":"2024-11-21T11:52:03","date_gmt":"2024-11-21T11:52:03","guid":{"rendered":"https:\/\/afturelding.is\/fjaroflun\/?post_type=product&#038;p=1630"},"modified":"2024-12-04T08:12:01","modified_gmt":"2024-12-04T08:12:01","slug":"jolabokamerki","status":"publish","type":"product","link":"https:\/\/afturelding.is\/fjaroflun\/vara\/jolabokamerki\/","title":{"rendered":"J\u00f3lab\u00f3kamerki"},"content":{"rendered":"<p>J\u00f3lab\u00f3kamerki &#8211; 6 mismunandi tegundir og kort fylgir me\u00f0<\/p>\n","protected":false},"excerpt":{"rendered":"<p>J\u00f3lab\u00f3kamerki &#8211; 6 mismunandi tegundir og kort fylgir me\u00f0<\/p>\n","protected":false},"featured_media":1631,"template":"","meta":[],"product_cat":[15],"product_tag":[],"class_list":["post-1630","product","type-product","status-publish","has-post-thumbnail","hentry","product_cat-fjaroflun"],"_links":{"self":[{"href":"https:\/\/afturelding.is\/fjaroflun\/wp-json\/wp\/v2\/product\/1630","targetHints":{"allow":["GET"]}}],"collection":[{"href":"https:\/\/afturelding.is\/fjaroflun\/wp-json\/wp\/v2\/product"}],"about":[{"href":"https:\/\/afturelding.is\/fjaroflun\/wp-json\/wp\/v2\/types\/product"}],"wp:featuredmedia":[{"embeddable":true,"href":"https:\/\/afturelding.is\/fjaroflun\/wp-json\/wp\/v2\/media\/1631"}],"wp:attachment":[{"href":"https:\/\/afturelding.is\/fjaroflun\/wp-json\/wp\/v2\/media?parent=1630"}],"wp:term":[{"taxonomy":"product_cat","embeddable":true,"href":"https:\/\/afturelding.is\/fjaroflun\/wp-json\/wp\/v2\/product_cat?post=1630"},{"taxonomy":"product_tag","embeddable":true,"href":"https:\/\/afturelding.is\/fjaroflun\/wp-json\/wp\/v2\/product_tag?post=1630"}],"curies":[{"name":"wp","href":"https:\/\/api.w.org\/{rel}","templated":true}]}}