{"id":1632,"date":"2024-11-21T11:52:53","date_gmt":"2024-11-21T11:52:53","guid":{"rendered":"https:\/\/afturelding.is\/fjaroflun\/?post_type=product&#038;p=1632"},"modified":"2024-12-04T08:11:48","modified_gmt":"2024-12-04T08:11:48","slug":"jolasveinar-i-tha-gomlu-godu-daga-fyrir-4-10-ara","status":"publish","type":"product","link":"https:\/\/afturelding.is\/fjaroflun\/vara\/jolasveinar-i-tha-gomlu-godu-daga-fyrir-4-10-ara\/","title":{"rendered":"J\u00f3lasveinar \u00ed \u00fe\u00e1 g\u00f6mlu g\u00f3\u00f0u daga \u2013 fyrir 4-10 \u00e1ra"},"content":{"rendered":"","protected":false},"excerpt":{"rendered":"","protected":false},"featured_media":1633,"template":"","meta":[],"product_cat":[15],"product_tag":[],"class_list":["post-1632","product","type-product","status-publish","has-post-thumbnail","hentry","product_cat-fjaroflun"],"_links":{"self":[{"href":"https:\/\/afturelding.is\/fjaroflun\/wp-json\/wp\/v2\/product\/1632","targetHints":{"allow":["GET"]}}],"collection":[{"href":"https:\/\/afturelding.is\/fjaroflun\/wp-json\/wp\/v2\/product"}],"about":[{"href":"https:\/\/afturelding.is\/fjaroflun\/wp-json\/wp\/v2\/types\/product"}],"wp:featuredmedia":[{"embeddable":true,"href":"https:\/\/afturelding.is\/fjaroflun\/wp-json\/wp\/v2\/media\/1633"}],"wp:attachment":[{"href":"https:\/\/afturelding.is\/fjaroflun\/wp-json\/wp\/v2\/media?parent=1632"}],"wp:term":[{"taxonomy":"product_cat","embeddable":true,"href":"https:\/\/afturelding.is\/fjaroflun\/wp-json\/wp\/v2\/product_cat?post=1632"},{"taxonomy":"product_tag","embeddable":true,"href":"https:\/\/afturelding.is\/fjaroflun\/wp-json\/wp\/v2\/product_tag?post=1632"}],"curies":[{"name":"wp","href":"https:\/\/api.w.org\/{rel}","templated":true}]}}