{"id":1638,"date":"2024-11-21T11:55:03","date_gmt":"2024-11-21T11:55:03","guid":{"rendered":"https:\/\/afturelding.is\/fjaroflun\/?post_type=product&#038;p=1638"},"modified":"2024-12-04T08:11:09","modified_gmt":"2024-12-04T08:11:09","slug":"sogur-fyrir-hattinn-fyrir-3-8-ara","status":"publish","type":"product","link":"https:\/\/afturelding.is\/fjaroflun\/vara\/sogur-fyrir-hattinn-fyrir-3-8-ara\/","title":{"rendered":"S\u00f6gur fyrir h\u00e1ttinn &#8211; fyrir 3-8 \u00e1ra"},"content":{"rendered":"","protected":false},"excerpt":{"rendered":"","protected":false},"featured_media":1639,"template":"","meta":[],"product_cat":[15],"product_tag":[],"class_list":["post-1638","product","type-product","status-publish","has-post-thumbnail","hentry","product_cat-fjaroflun"],"_links":{"self":[{"href":"https:\/\/afturelding.is\/fjaroflun\/wp-json\/wp\/v2\/product\/1638","targetHints":{"allow":["GET"]}}],"collection":[{"href":"https:\/\/afturelding.is\/fjaroflun\/wp-json\/wp\/v2\/product"}],"about":[{"href":"https:\/\/afturelding.is\/fjaroflun\/wp-json\/wp\/v2\/types\/product"}],"wp:featuredmedia":[{"embeddable":true,"href":"https:\/\/afturelding.is\/fjaroflun\/wp-json\/wp\/v2\/media\/1639"}],"wp:attachment":[{"href":"https:\/\/afturelding.is\/fjaroflun\/wp-json\/wp\/v2\/media?parent=1638"}],"wp:term":[{"taxonomy":"product_cat","embeddable":true,"href":"https:\/\/afturelding.is\/fjaroflun\/wp-json\/wp\/v2\/product_cat?post=1638"},{"taxonomy":"product_tag","embeddable":true,"href":"https:\/\/afturelding.is\/fjaroflun\/wp-json\/wp\/v2\/product_tag?post=1638"}],"curies":[{"name":"wp","href":"https:\/\/api.w.org\/{rel}","templated":true}]}}