{"id":1640,"date":"2024-11-21T11:56:09","date_gmt":"2024-11-21T11:56:09","guid":{"rendered":"https:\/\/afturelding.is\/fjaroflun\/?post_type=product&#038;p=1640"},"modified":"2024-12-04T08:10:47","modified_gmt":"2024-12-04T08:10:47","slug":"pate-pakki-med-hreindyra-gaesa-og-jolapate-3x-200gr","status":"publish","type":"product","link":"https:\/\/afturelding.is\/fjaroflun\/vara\/pate-pakki-med-hreindyra-gaesa-og-jolapate-3x-200gr\/","title":{"rendered":"Pat\u00e9 pakki me\u00f0 Hreind\u00fdra-, g\u00e6sa- og j\u00f3lapat\u00e9 3x 200gr."},"content":{"rendered":"","protected":false},"excerpt":{"rendered":"","protected":false},"featured_media":1641,"template":"","meta":[],"product_cat":[15],"product_tag":[],"class_list":["post-1640","product","type-product","status-publish","has-post-thumbnail","hentry","product_cat-fjaroflun"],"_links":{"self":[{"href":"https:\/\/afturelding.is\/fjaroflun\/wp-json\/wp\/v2\/product\/1640","targetHints":{"allow":["GET"]}}],"collection":[{"href":"https:\/\/afturelding.is\/fjaroflun\/wp-json\/wp\/v2\/product"}],"about":[{"href":"https:\/\/afturelding.is\/fjaroflun\/wp-json\/wp\/v2\/types\/product"}],"wp:featuredmedia":[{"embeddable":true,"href":"https:\/\/afturelding.is\/fjaroflun\/wp-json\/wp\/v2\/media\/1641"}],"wp:attachment":[{"href":"https:\/\/afturelding.is\/fjaroflun\/wp-json\/wp\/v2\/media?parent=1640"}],"wp:term":[{"taxonomy":"product_cat","embeddable":true,"href":"https:\/\/afturelding.is\/fjaroflun\/wp-json\/wp\/v2\/product_cat?post=1640"},{"taxonomy":"product_tag","embeddable":true,"href":"https:\/\/afturelding.is\/fjaroflun\/wp-json\/wp\/v2\/product_tag?post=1640"}],"curies":[{"name":"wp","href":"https:\/\/api.w.org\/{rel}","templated":true}]}}