{"id":1711,"date":"2025-01-23T08:08:54","date_gmt":"2025-01-23T08:08:54","guid":{"rendered":"https:\/\/afturelding.is\/fjaroflun\/?post_type=product&#038;p=1711"},"modified":"2025-02-06T07:59:45","modified_gmt":"2025-02-06T07:59:45","slug":"hardfiskur-200-gr-2","status":"publish","type":"product","link":"https:\/\/afturelding.is\/fjaroflun\/vara\/hardfiskur-200-gr-2\/","title":{"rendered":"Har\u00f0fiskur 200 gr."},"content":{"rendered":"<p>Har\u00f0fiskur fr\u00e1 Stj\u00f6rnufisk, \u00fdsa 200 gr.<\/p>\n","protected":false},"excerpt":{"rendered":"<p>Har\u00f0fiskur fr\u00e1 Stj\u00f6rnufisk, \u00fdsa 200 gr.<\/p>\n","protected":false},"featured_media":1712,"template":"","meta":[],"product_cat":[15],"product_tag":[],"class_list":["post-1711","product","type-product","status-publish","has-post-thumbnail","hentry","product_cat-fjaroflun"],"_links":{"self":[{"href":"https:\/\/afturelding.is\/fjaroflun\/wp-json\/wp\/v2\/product\/1711","targetHints":{"allow":["GET"]}}],"collection":[{"href":"https:\/\/afturelding.is\/fjaroflun\/wp-json\/wp\/v2\/product"}],"about":[{"href":"https:\/\/afturelding.is\/fjaroflun\/wp-json\/wp\/v2\/types\/product"}],"wp:featuredmedia":[{"embeddable":true,"href":"https:\/\/afturelding.is\/fjaroflun\/wp-json\/wp\/v2\/media\/1712"}],"wp:attachment":[{"href":"https:\/\/afturelding.is\/fjaroflun\/wp-json\/wp\/v2\/media?parent=1711"}],"wp:term":[{"taxonomy":"product_cat","embeddable":true,"href":"https:\/\/afturelding.is\/fjaroflun\/wp-json\/wp\/v2\/product_cat?post=1711"},{"taxonomy":"product_tag","embeddable":true,"href":"https:\/\/afturelding.is\/fjaroflun\/wp-json\/wp\/v2\/product_tag?post=1711"}],"curies":[{"name":"wp","href":"https:\/\/api.w.org\/{rel}","templated":true}]}}