{"id":1713,"date":"2025-01-23T08:15:48","date_gmt":"2025-01-23T08:15:48","guid":{"rendered":"https:\/\/afturelding.is\/fjaroflun\/?post_type=product&#038;p=1713"},"modified":"2025-02-06T07:59:32","modified_gmt":"2025-02-06T07:59:32","slug":"hledsla-sukkuladi-kassi-af-1-4l","status":"publish","type":"product","link":"https:\/\/afturelding.is\/fjaroflun\/vara\/hledsla-sukkuladi-kassi-af-1-4l\/","title":{"rendered":"Hle\u00f0sla s\u00fakkula\u00f0i, kassi af 1\/4L."},"content":{"rendered":"<p>Kassi, 24 stk, af hle\u00f0slu me\u00f0 s\u00fakkula\u00f0ibrag\u00f0i<\/p>\n","protected":false},"excerpt":{"rendered":"<p>Kassi, 24 stk, af hle\u00f0slu me\u00f0 s\u00fakkula\u00f0ibrag\u00f0i<\/p>\n","protected":false},"featured_media":1714,"template":"","meta":[],"product_cat":[15],"product_tag":[],"class_list":["post-1713","product","type-product","status-publish","has-post-thumbnail","hentry","product_cat-fjaroflun"],"_links":{"self":[{"href":"https:\/\/afturelding.is\/fjaroflun\/wp-json\/wp\/v2\/product\/1713","targetHints":{"allow":["GET"]}}],"collection":[{"href":"https:\/\/afturelding.is\/fjaroflun\/wp-json\/wp\/v2\/product"}],"about":[{"href":"https:\/\/afturelding.is\/fjaroflun\/wp-json\/wp\/v2\/types\/product"}],"wp:featuredmedia":[{"embeddable":true,"href":"https:\/\/afturelding.is\/fjaroflun\/wp-json\/wp\/v2\/media\/1714"}],"wp:attachment":[{"href":"https:\/\/afturelding.is\/fjaroflun\/wp-json\/wp\/v2\/media?parent=1713"}],"wp:term":[{"taxonomy":"product_cat","embeddable":true,"href":"https:\/\/afturelding.is\/fjaroflun\/wp-json\/wp\/v2\/product_cat?post=1713"},{"taxonomy":"product_tag","embeddable":true,"href":"https:\/\/afturelding.is\/fjaroflun\/wp-json\/wp\/v2\/product_tag?post=1713"}],"curies":[{"name":"wp","href":"https:\/\/api.w.org\/{rel}","templated":true}]}}