{"id":1715,"date":"2025-01-23T08:17:08","date_gmt":"2025-01-23T08:17:08","guid":{"rendered":"https:\/\/afturelding.is\/fjaroflun\/?post_type=product&#038;p=1715"},"modified":"2025-02-06T07:59:18","modified_gmt":"2025-02-06T07:59:18","slug":"hledsla-karmellu-kassi-af-1-4-l","status":"publish","type":"product","link":"https:\/\/afturelding.is\/fjaroflun\/vara\/hledsla-karmellu-kassi-af-1-4-l\/","title":{"rendered":"Hle\u00f0sla Karmellu, kassi af 1\/4 L."},"content":{"rendered":"<p>Kassi, 24 stk., af hle\u00f0slu me\u00f0 karmellubrag\u00f0i <\/p>\n","protected":false},"excerpt":{"rendered":"<p>Kassi, 24 stk., af hle\u00f0slu me\u00f0 karmellubrag\u00f0i<\/p>\n","protected":false},"featured_media":1716,"template":"","meta":[],"product_cat":[15],"product_tag":[],"class_list":["post-1715","product","type-product","status-publish","has-post-thumbnail","hentry","product_cat-fjaroflun"],"_links":{"self":[{"href":"https:\/\/afturelding.is\/fjaroflun\/wp-json\/wp\/v2\/product\/1715","targetHints":{"allow":["GET"]}}],"collection":[{"href":"https:\/\/afturelding.is\/fjaroflun\/wp-json\/wp\/v2\/product"}],"about":[{"href":"https:\/\/afturelding.is\/fjaroflun\/wp-json\/wp\/v2\/types\/product"}],"wp:featuredmedia":[{"embeddable":true,"href":"https:\/\/afturelding.is\/fjaroflun\/wp-json\/wp\/v2\/media\/1716"}],"wp:attachment":[{"href":"https:\/\/afturelding.is\/fjaroflun\/wp-json\/wp\/v2\/media?parent=1715"}],"wp:term":[{"taxonomy":"product_cat","embeddable":true,"href":"https:\/\/afturelding.is\/fjaroflun\/wp-json\/wp\/v2\/product_cat?post=1715"},{"taxonomy":"product_tag","embeddable":true,"href":"https:\/\/afturelding.is\/fjaroflun\/wp-json\/wp\/v2\/product_tag?post=1715"}],"curies":[{"name":"wp","href":"https:\/\/api.w.org\/{rel}","templated":true}]}}