{"id":1717,"date":"2025-01-23T08:18:38","date_gmt":"2025-01-23T08:18:38","guid":{"rendered":"https:\/\/afturelding.is\/fjaroflun\/?post_type=product&#038;p=1717"},"modified":"2025-02-06T07:59:04","modified_gmt":"2025-02-06T07:59:04","slug":"hledsla-kolvetnaskert-sukkuladi-kassi-af-1-4-l","status":"publish","type":"product","link":"https:\/\/afturelding.is\/fjaroflun\/vara\/hledsla-kolvetnaskert-sukkuladi-kassi-af-1-4-l\/","title":{"rendered":"Hle\u00f0sla Kolvetnaskert s\u00fakkula\u00f0i, kassi af 1\/4 L."},"content":{"rendered":"<p>Kassi, 24.skt, af hle\u00f0slu kovetnaskert me\u00f0 s\u00fakkula\u00f0i brag\u00f0i<\/p>\n","protected":false},"excerpt":{"rendered":"<p>Kassi, 24.skt, af hle\u00f0slu kovetnaskert me\u00f0 s\u00fakkula\u00f0i brag\u00f0i<\/p>\n","protected":false},"featured_media":1718,"template":"","meta":[],"product_cat":[15],"product_tag":[],"class_list":["post-1717","product","type-product","status-publish","has-post-thumbnail","hentry","product_cat-fjaroflun"],"_links":{"self":[{"href":"https:\/\/afturelding.is\/fjaroflun\/wp-json\/wp\/v2\/product\/1717","targetHints":{"allow":["GET"]}}],"collection":[{"href":"https:\/\/afturelding.is\/fjaroflun\/wp-json\/wp\/v2\/product"}],"about":[{"href":"https:\/\/afturelding.is\/fjaroflun\/wp-json\/wp\/v2\/types\/product"}],"wp:featuredmedia":[{"embeddable":true,"href":"https:\/\/afturelding.is\/fjaroflun\/wp-json\/wp\/v2\/media\/1718"}],"wp:attachment":[{"href":"https:\/\/afturelding.is\/fjaroflun\/wp-json\/wp\/v2\/media?parent=1717"}],"wp:term":[{"taxonomy":"product_cat","embeddable":true,"href":"https:\/\/afturelding.is\/fjaroflun\/wp-json\/wp\/v2\/product_cat?post=1717"},{"taxonomy":"product_tag","embeddable":true,"href":"https:\/\/afturelding.is\/fjaroflun\/wp-json\/wp\/v2\/product_tag?post=1717"}],"curies":[{"name":"wp","href":"https:\/\/api.w.org\/{rel}","templated":true}]}}