{"id":1785,"date":"2025-04-29T10:26:51","date_gmt":"2025-04-29T10:26:51","guid":{"rendered":"https:\/\/afturelding.is\/fjaroflun\/?post_type=product&#038;p=1785"},"modified":"2025-05-05T09:12:40","modified_gmt":"2025-05-05T09:12:40","slug":"a-ferd-um-island","status":"publish","type":"product","link":"https:\/\/afturelding.is\/fjaroflun\/vara\/a-ferd-um-island\/","title":{"rendered":"\u00c1 fer\u00f0 um \u00cdsland"},"content":{"rendered":"","protected":false},"excerpt":{"rendered":"<p>B\u00f3kin \u00e1 fer\u00f0 um \u00cdsland<\/p>\n","protected":false},"featured_media":1786,"template":"","meta":[],"product_cat":[15],"product_tag":[],"class_list":["post-1785","product","type-product","status-publish","has-post-thumbnail","hentry","product_cat-fjaroflun"],"_links":{"self":[{"href":"https:\/\/afturelding.is\/fjaroflun\/wp-json\/wp\/v2\/product\/1785","targetHints":{"allow":["GET"]}}],"collection":[{"href":"https:\/\/afturelding.is\/fjaroflun\/wp-json\/wp\/v2\/product"}],"about":[{"href":"https:\/\/afturelding.is\/fjaroflun\/wp-json\/wp\/v2\/types\/product"}],"wp:featuredmedia":[{"embeddable":true,"href":"https:\/\/afturelding.is\/fjaroflun\/wp-json\/wp\/v2\/media\/1786"}],"wp:attachment":[{"href":"https:\/\/afturelding.is\/fjaroflun\/wp-json\/wp\/v2\/media?parent=1785"}],"wp:term":[{"taxonomy":"product_cat","embeddable":true,"href":"https:\/\/afturelding.is\/fjaroflun\/wp-json\/wp\/v2\/product_cat?post=1785"},{"taxonomy":"product_tag","embeddable":true,"href":"https:\/\/afturelding.is\/fjaroflun\/wp-json\/wp\/v2\/product_tag?post=1785"}],"curies":[{"name":"wp","href":"https:\/\/api.w.org\/{rel}","templated":true}]}}