{"id":1789,"date":"2025-04-29T10:28:42","date_gmt":"2025-04-29T10:28:42","guid":{"rendered":"https:\/\/afturelding.is\/fjaroflun\/?post_type=product&#038;p=1789"},"modified":"2025-05-05T09:12:13","modified_gmt":"2025-05-05T09:12:13","slug":"kata-klara-lettlestrabok","status":"publish","type":"product","link":"https:\/\/afturelding.is\/fjaroflun\/vara\/kata-klara-lettlestrabok\/","title":{"rendered":"Kata Kl\u00e1ra l\u00e9ttlestrab\u00f3k"},"content":{"rendered":"","protected":false},"excerpt":{"rendered":"<p>Kata Kl\u00e1ra l\u00e9ttlestrab\u00f3k<\/p>\n","protected":false},"featured_media":1790,"template":"","meta":[],"product_cat":[15],"product_tag":[],"class_list":["post-1789","product","type-product","status-publish","has-post-thumbnail","hentry","product_cat-fjaroflun"],"_links":{"self":[{"href":"https:\/\/afturelding.is\/fjaroflun\/wp-json\/wp\/v2\/product\/1789","targetHints":{"allow":["GET"]}}],"collection":[{"href":"https:\/\/afturelding.is\/fjaroflun\/wp-json\/wp\/v2\/product"}],"about":[{"href":"https:\/\/afturelding.is\/fjaroflun\/wp-json\/wp\/v2\/types\/product"}],"wp:featuredmedia":[{"embeddable":true,"href":"https:\/\/afturelding.is\/fjaroflun\/wp-json\/wp\/v2\/media\/1790"}],"wp:attachment":[{"href":"https:\/\/afturelding.is\/fjaroflun\/wp-json\/wp\/v2\/media?parent=1789"}],"wp:term":[{"taxonomy":"product_cat","embeddable":true,"href":"https:\/\/afturelding.is\/fjaroflun\/wp-json\/wp\/v2\/product_cat?post=1789"},{"taxonomy":"product_tag","embeddable":true,"href":"https:\/\/afturelding.is\/fjaroflun\/wp-json\/wp\/v2\/product_tag?post=1789"}],"curies":[{"name":"wp","href":"https:\/\/api.w.org\/{rel}","templated":true}]}}