{"id":206,"date":"2020-02-01T17:48:05","date_gmt":"2020-02-01T17:48:05","guid":{"rendered":"https:\/\/afturelding.is\/fjaroflun\/?post_type=product&#038;p=206"},"modified":"2023-05-17T11:33:53","modified_gmt":"2023-05-17T11:33:53","slug":"konfektdodlur-250-gr","status":"publish","type":"product","link":"https:\/\/afturelding.is\/fjaroflun\/vara\/konfektdodlur-250-gr\/","title":{"rendered":"Mittist\u00f6skur"},"content":{"rendered":"","protected":false},"excerpt":{"rendered":"<p>Sumarlegar mittist\u00f6skur<\/p>\n<ul>\n<li>hrindir fr\u00e1 s\u00e9r vatni og er me\u00f0 endurskinsmerki<\/li>\n<li>hentar einstaklega vel fyrir \u00fativist og \u00ed\u00fer\u00f3ttai\u00f0kun af \u00fdmsu tagi<\/li>\n<li>st\u00e6rsta h\u00f3lfi\u00f0 er me\u00f0 rennil\u00e1s og \u00ed \u00fev\u00ed er t.d. h\u00e6gt a\u00f0 geyma peninga, eitthva\u00f0 matarkyns e\u00f0a s\u00edma<\/li>\n<li>einnig er l\u00edti\u00f0 h\u00f3lf me\u00f0 fr\u00f6nskum rennil\u00e1si fyrir sm\u00e1d\u00f3t<\/li>\n<li>gert r\u00e1\u00f0 fyrir \u00fev\u00ed a\u00f0 h\u00e6gt s\u00e9 a\u00f0 koma fyrir drykkjarfl\u00f6sku \u00ed teygju, sem heldur henni fastri.<\/li>\n<\/ul>\n<p>H\u00e6gt er a\u00f0 f\u00e1 t\u00f6skuna \u00ed 5 litum (sv\u00f6rtum, bl\u00e1um, bleikum, appels\u00ednugulum og neongulum).<\/p>\n<p>Umm\u00e1l: 60-120 cm.<\/p>\n","protected":false},"featured_media":975,"template":"","meta":[],"product_cat":[15],"product_tag":[],"class_list":["post-206","product","type-product","status-publish","has-post-thumbnail","hentry","product_cat-fjaroflun","pa_tegund-appelsinugul","pa_tegund-bla","pa_tegund-bleik","pa_tegund-gul","pa_tegund-svort"],"_links":{"self":[{"href":"https:\/\/afturelding.is\/fjaroflun\/wp-json\/wp\/v2\/product\/206","targetHints":{"allow":["GET"]}}],"collection":[{"href":"https:\/\/afturelding.is\/fjaroflun\/wp-json\/wp\/v2\/product"}],"about":[{"href":"https:\/\/afturelding.is\/fjaroflun\/wp-json\/wp\/v2\/types\/product"}],"wp:featuredmedia":[{"embeddable":true,"href":"https:\/\/afturelding.is\/fjaroflun\/wp-json\/wp\/v2\/media\/975"}],"wp:attachment":[{"href":"https:\/\/afturelding.is\/fjaroflun\/wp-json\/wp\/v2\/media?parent=206"}],"wp:term":[{"taxonomy":"product_cat","embeddable":true,"href":"https:\/\/afturelding.is\/fjaroflun\/wp-json\/wp\/v2\/product_cat?post=206"},{"taxonomy":"product_tag","embeddable":true,"href":"https:\/\/afturelding.is\/fjaroflun\/wp-json\/wp\/v2\/product_tag?post=206"}],"curies":[{"name":"wp","href":"https:\/\/api.w.org\/{rel}","templated":true}]}}