{"id":214,"date":"2020-02-01T19:09:07","date_gmt":"2020-02-01T19:09:07","guid":{"rendered":"https:\/\/afturelding.is\/fjaroflun\/?post_type=product&#038;p=214"},"modified":"2020-02-13T09:07:01","modified_gmt":"2020-02-13T09:07:01","slug":"konfektdodlur-blandadur-poki-600-gr","status":"publish","type":"product","link":"https:\/\/afturelding.is\/fjaroflun\/vara\/konfektdodlur-blandadur-poki-600-gr\/","title":{"rendered":"Konfektd\u00f6\u00f0lur &#8211; blanda\u00f0ur poki 600 gr."},"content":{"rendered":"","protected":false},"excerpt":{"rendered":"<p>\u00deessi poki inniheldur allar tegundirnar af konfektd\u00f6\u00f0lunum.<\/p>\n<p>Fj\u00f3rar mismunandi tegundir af lj\u00faffengum d\u00f6\u00f0lum.<\/p>\n<p>Hver da\u00f0la er fyllt me\u00f0 m\u00f6ndlu og svo hj\u00fapu\u00f0 me\u00f0 mj\u00f3lkur-, d\u00f6kku-, k\u00f3kos- e\u00f0a hv\u00edtu karamellus\u00fakkula\u00f0i.<\/p>\n<p>\u00deessi er g\u00f3\u00f0ur fyrir \u00fe\u00e1 sem vill pr\u00f3fa allar tegundirnar.<\/p>\n","protected":false},"featured_media":215,"template":"","meta":[],"product_cat":[15],"product_tag":[],"class_list":["post-214","product","type-product","status-publish","has-post-thumbnail","hentry","product_cat-fjaroflun"],"_links":{"self":[{"href":"https:\/\/afturelding.is\/fjaroflun\/wp-json\/wp\/v2\/product\/214","targetHints":{"allow":["GET"]}}],"collection":[{"href":"https:\/\/afturelding.is\/fjaroflun\/wp-json\/wp\/v2\/product"}],"about":[{"href":"https:\/\/afturelding.is\/fjaroflun\/wp-json\/wp\/v2\/types\/product"}],"wp:featuredmedia":[{"embeddable":true,"href":"https:\/\/afturelding.is\/fjaroflun\/wp-json\/wp\/v2\/media\/215"}],"wp:attachment":[{"href":"https:\/\/afturelding.is\/fjaroflun\/wp-json\/wp\/v2\/media?parent=214"}],"wp:term":[{"taxonomy":"product_cat","embeddable":true,"href":"https:\/\/afturelding.is\/fjaroflun\/wp-json\/wp\/v2\/product_cat?post=214"},{"taxonomy":"product_tag","embeddable":true,"href":"https:\/\/afturelding.is\/fjaroflun\/wp-json\/wp\/v2\/product_tag?post=214"}],"curies":[{"name":"wp","href":"https:\/\/api.w.org\/{rel}","templated":true}]}}