{"id":224,"date":"2020-02-01T19:15:34","date_gmt":"2020-02-01T19:15:34","guid":{"rendered":"https:\/\/afturelding.is\/fjaroflun\/?post_type=product&#038;p=224"},"modified":"2024-10-02T07:55:18","modified_gmt":"2024-10-02T07:55:18","slug":"ungnautahakk-2-kg","status":"publish","type":"product","link":"https:\/\/afturelding.is\/fjaroflun\/vara\/ungnautahakk-2-kg\/","title":{"rendered":"Ungnautahakk 1 kg."},"content":{"rendered":"<p>1 kg af Ungnautahakki fr\u00e1 Kj\u00f6tb\u00fa\u00f0inni<\/p>\n","protected":false},"excerpt":{"rendered":"<p>Ungnautahakk fr\u00e1 Kj\u00f6tb\u00fa\u00f0inni.<\/p>\n<p>1kg.kemur frosi\u00f0.<\/p>\n","protected":false},"featured_media":228,"template":"","meta":[],"product_cat":[15],"product_tag":[],"class_list":["post-224","product","type-product","status-publish","has-post-thumbnail","hentry","product_cat-fjaroflun"],"_links":{"self":[{"href":"https:\/\/afturelding.is\/fjaroflun\/wp-json\/wp\/v2\/product\/224","targetHints":{"allow":["GET"]}}],"collection":[{"href":"https:\/\/afturelding.is\/fjaroflun\/wp-json\/wp\/v2\/product"}],"about":[{"href":"https:\/\/afturelding.is\/fjaroflun\/wp-json\/wp\/v2\/types\/product"}],"wp:featuredmedia":[{"embeddable":true,"href":"https:\/\/afturelding.is\/fjaroflun\/wp-json\/wp\/v2\/media\/228"}],"wp:attachment":[{"href":"https:\/\/afturelding.is\/fjaroflun\/wp-json\/wp\/v2\/media?parent=224"}],"wp:term":[{"taxonomy":"product_cat","embeddable":true,"href":"https:\/\/afturelding.is\/fjaroflun\/wp-json\/wp\/v2\/product_cat?post=224"},{"taxonomy":"product_tag","embeddable":true,"href":"https:\/\/afturelding.is\/fjaroflun\/wp-json\/wp\/v2\/product_tag?post=224"}],"curies":[{"name":"wp","href":"https:\/\/api.w.org\/{rel}","templated":true}]}}