{"id":229,"date":"2020-02-01T19:15:17","date_gmt":"2020-02-01T19:15:17","guid":{"rendered":"https:\/\/afturelding.is\/fjaroflun\/?post_type=product&#038;p=229"},"modified":"2024-10-02T07:55:42","modified_gmt":"2024-10-02T07:55:42","slug":"saelkerahakkbollur-2-kg","status":"publish","type":"product","link":"https:\/\/afturelding.is\/fjaroflun\/vara\/saelkerahakkbollur-2-kg\/","title":{"rendered":"Hakkbollur 1 kg."},"content":{"rendered":"","protected":false},"excerpt":{"rendered":"<p>Hakkbollur fr\u00e1 Kj\u00f6tb\u00fa\u00f0inni, bollur me\u00f0 nauta-lamba-gr\u00edsahakki<\/p>\n<p>1 kg. pr. pakkningu.<\/p>\n","protected":false},"featured_media":225,"template":"","meta":[],"product_cat":[15],"product_tag":[],"class_list":["post-229","product","type-product","status-publish","has-post-thumbnail","hentry","product_cat-fjaroflun"],"_links":{"self":[{"href":"https:\/\/afturelding.is\/fjaroflun\/wp-json\/wp\/v2\/product\/229","targetHints":{"allow":["GET"]}}],"collection":[{"href":"https:\/\/afturelding.is\/fjaroflun\/wp-json\/wp\/v2\/product"}],"about":[{"href":"https:\/\/afturelding.is\/fjaroflun\/wp-json\/wp\/v2\/types\/product"}],"wp:featuredmedia":[{"embeddable":true,"href":"https:\/\/afturelding.is\/fjaroflun\/wp-json\/wp\/v2\/media\/225"}],"wp:attachment":[{"href":"https:\/\/afturelding.is\/fjaroflun\/wp-json\/wp\/v2\/media?parent=229"}],"wp:term":[{"taxonomy":"product_cat","embeddable":true,"href":"https:\/\/afturelding.is\/fjaroflun\/wp-json\/wp\/v2\/product_cat?post=229"},{"taxonomy":"product_tag","embeddable":true,"href":"https:\/\/afturelding.is\/fjaroflun\/wp-json\/wp\/v2\/product_tag?post=229"}],"curies":[{"name":"wp","href":"https:\/\/api.w.org\/{rel}","templated":true}]}}