{"id":230,"date":"2020-02-01T19:15:02","date_gmt":"2020-02-01T19:15:02","guid":{"rendered":"https:\/\/afturelding.is\/fjaroflun\/?post_type=product&#038;p=230"},"modified":"2025-05-05T09:14:17","modified_gmt":"2025-05-05T09:14:17","slug":"120-gr-hamborgarar-10-stk","status":"publish","type":"product","link":"https:\/\/afturelding.is\/fjaroflun\/vara\/120-gr-hamborgarar-10-stk\/","title":{"rendered":"120 gr. hamborgarar 10 stk."},"content":{"rendered":"<p>Hamborgarar fr\u00e1 Kj\u00f6tb\u00fa\u00f0inni<\/p>\n","protected":false},"excerpt":{"rendered":"<p>Hamborgarar fr\u00e1 Kj\u00f6tb\u00fa\u00f0inni, 120 gr. stk.<\/p>\n<p>10 stk. pr. pakkningu, kemur frosi\u00f0.<\/p>\n","protected":false},"featured_media":226,"template":"","meta":[],"product_cat":[15],"product_tag":[],"class_list":["post-230","product","type-product","status-publish","has-post-thumbnail","hentry","product_cat-fjaroflun"],"_links":{"self":[{"href":"https:\/\/afturelding.is\/fjaroflun\/wp-json\/wp\/v2\/product\/230","targetHints":{"allow":["GET"]}}],"collection":[{"href":"https:\/\/afturelding.is\/fjaroflun\/wp-json\/wp\/v2\/product"}],"about":[{"href":"https:\/\/afturelding.is\/fjaroflun\/wp-json\/wp\/v2\/types\/product"}],"wp:featuredmedia":[{"embeddable":true,"href":"https:\/\/afturelding.is\/fjaroflun\/wp-json\/wp\/v2\/media\/226"}],"wp:attachment":[{"href":"https:\/\/afturelding.is\/fjaroflun\/wp-json\/wp\/v2\/media?parent=230"}],"wp:term":[{"taxonomy":"product_cat","embeddable":true,"href":"https:\/\/afturelding.is\/fjaroflun\/wp-json\/wp\/v2\/product_cat?post=230"},{"taxonomy":"product_tag","embeddable":true,"href":"https:\/\/afturelding.is\/fjaroflun\/wp-json\/wp\/v2\/product_tag?post=230"}],"curies":[{"name":"wp","href":"https:\/\/api.w.org\/{rel}","templated":true}]}}