{"id":231,"date":"2020-02-01T19:06:49","date_gmt":"2020-02-01T19:06:49","guid":{"rendered":"https:\/\/afturelding.is\/fjaroflun\/?post_type=product&#038;p=231"},"modified":"2023-05-17T11:32:09","modified_gmt":"2023-05-17T11:32:09","slug":"ungnautagullas-1-kg","status":"publish","type":"product","link":"https:\/\/afturelding.is\/fjaroflun\/vara\/ungnautagullas-1-kg\/","title":{"rendered":"Ungnauta entrecote 1 kg."},"content":{"rendered":"","protected":false},"excerpt":{"rendered":"<p>Marinera\u00f0 ungnauta entrecote fr\u00e1 Kj\u00f6tb\u00fa\u00f0inni<\/p>\n<p>1 kg. pr. pakkningu.<\/p>\n","protected":false},"featured_media":1349,"template":"","meta":[],"product_cat":[15],"product_tag":[],"class_list":["post-231","product","type-product","status-publish","has-post-thumbnail","hentry","product_cat-fjaroflun"],"_links":{"self":[{"href":"https:\/\/afturelding.is\/fjaroflun\/wp-json\/wp\/v2\/product\/231","targetHints":{"allow":["GET"]}}],"collection":[{"href":"https:\/\/afturelding.is\/fjaroflun\/wp-json\/wp\/v2\/product"}],"about":[{"href":"https:\/\/afturelding.is\/fjaroflun\/wp-json\/wp\/v2\/types\/product"}],"wp:featuredmedia":[{"embeddable":true,"href":"https:\/\/afturelding.is\/fjaroflun\/wp-json\/wp\/v2\/media\/1349"}],"wp:attachment":[{"href":"https:\/\/afturelding.is\/fjaroflun\/wp-json\/wp\/v2\/media?parent=231"}],"wp:term":[{"taxonomy":"product_cat","embeddable":true,"href":"https:\/\/afturelding.is\/fjaroflun\/wp-json\/wp\/v2\/product_cat?post=231"},{"taxonomy":"product_tag","embeddable":true,"href":"https:\/\/afturelding.is\/fjaroflun\/wp-json\/wp\/v2\/product_tag?post=231"}],"curies":[{"name":"wp","href":"https:\/\/api.w.org\/{rel}","templated":true}]}}