{"id":288,"date":"2020-03-11T21:33:43","date_gmt":"2020-03-11T21:33:43","guid":{"rendered":"https:\/\/afturelding.is\/fjaroflun\/?post_type=product&#038;p=288"},"modified":"2020-05-07T23:44:16","modified_gmt":"2020-05-07T23:44:16","slug":"omnom-sukkuladipakki-2","status":"publish","type":"product","link":"https:\/\/afturelding.is\/fjaroflun\/vara\/omnom-sukkuladipakki-2\/","title":{"rendered":"Omnom s\u00fakkula\u00f0ipakki 2"},"content":{"rendered":"","protected":false},"excerpt":{"rendered":"<p>\u00deessi pakki inniheldur:<\/p>\n<ul>\n<li>Omnom krunch 120 gr. &#8211; s\u00fakkula\u00f0imaltk\u00falur me\u00f0 lakkr\u00eds og sj\u00e1varsalti<\/li>\n<li>Omnom s\u00fakkula\u00f0iplata 250 gr. &#8211; karamellu- og mj\u00f3lkurs\u00fakkula\u00f0i<\/li>\n<li>Omnom s\u00fakkula\u00f0iplata 60 gr. &#8211; karamellus\u00fakkula\u00f0i me\u00f0 sj\u00e1varsalti<\/li>\n<\/ul>\n","protected":false},"featured_media":289,"template":"","meta":[],"product_cat":[15],"product_tag":[],"class_list":["post-288","product","type-product","status-publish","has-post-thumbnail","hentry","product_cat-fjaroflun"],"_links":{"self":[{"href":"https:\/\/afturelding.is\/fjaroflun\/wp-json\/wp\/v2\/product\/288","targetHints":{"allow":["GET"]}}],"collection":[{"href":"https:\/\/afturelding.is\/fjaroflun\/wp-json\/wp\/v2\/product"}],"about":[{"href":"https:\/\/afturelding.is\/fjaroflun\/wp-json\/wp\/v2\/types\/product"}],"wp:featuredmedia":[{"embeddable":true,"href":"https:\/\/afturelding.is\/fjaroflun\/wp-json\/wp\/v2\/media\/289"}],"wp:attachment":[{"href":"https:\/\/afturelding.is\/fjaroflun\/wp-json\/wp\/v2\/media?parent=288"}],"wp:term":[{"taxonomy":"product_cat","embeddable":true,"href":"https:\/\/afturelding.is\/fjaroflun\/wp-json\/wp\/v2\/product_cat?post=288"},{"taxonomy":"product_tag","embeddable":true,"href":"https:\/\/afturelding.is\/fjaroflun\/wp-json\/wp\/v2\/product_tag?post=288"}],"curies":[{"name":"wp","href":"https:\/\/api.w.org\/{rel}","templated":true}]}}