{"id":292,"date":"2020-03-12T00:11:02","date_gmt":"2020-03-12T00:11:02","guid":{"rendered":"https:\/\/afturelding.is\/fjaroflun\/?post_type=product&#038;p=292"},"modified":"2020-05-07T23:44:15","modified_gmt":"2020-05-07T23:44:15","slug":"bokapakki-fyrir-yngstu-kynslodina","status":"publish","type":"product","link":"https:\/\/afturelding.is\/fjaroflun\/vara\/bokapakki-fyrir-yngstu-kynslodina\/","title":{"rendered":"B\u00f3kapakki fyrir yngstu kynsl\u00f3\u00f0ina"},"content":{"rendered":"","protected":false},"excerpt":{"rendered":"<p>Pakkinn inniheldur tv\u00e6r b\u00e6kur:<\/p>\n<ul>\n<li>Litla litab\u00f3kin<\/li>\n<li>Fr\u00f6ken Bl\u00f3mafr\u00fa og misheppna\u00f0a matarbo\u00f0i\u00f0<\/li>\n<\/ul>\n<p>Litla litab\u00f3kin er full af myndum eftir Evu J\u00f3n\u00ednu, 5 \u00e1ra stelpu sem hefur mikinn \u00e1huga \u00e1 myndlist. \u00cd kj\u00f6lfari\u00f0 \u00e1 \u00fatg\u00e1fu litab\u00f3karinnar s\u00f6mdu h\u00fan og pabbi hennar b\u00f3kina um fr\u00f6ken Bl\u00f3mafr\u00fa og misheppna\u00f0a matarbo\u00f0i\u00f0 sem er myndskreytt af Evu J\u00f3n\u00ednu.<\/p>\n<p>Eva er gigtveik, sem betur fer h\u00e1ir gigtin henni ekki miki\u00f0 \u00ed daglegu l\u00edfi en h\u00fan \u00fearf \u00fe\u00f3 engu a\u00f0 s\u00ed\u00f0ur a\u00f0 heims\u00e6kja l\u00e6kna og sj\u00fakrah\u00fas b\u00e6\u00f0i oft og reglulega og hefur mikla reynslu af heilbrig\u00f0iskerfinu \u00fe\u00f3 h\u00fan s\u00e9 ung a\u00f0 \u00e1rum. Ef b\u00f3kin selst vel hefur h\u00fan hug \u00e1 \u00fev\u00ed a\u00f0 l\u00e1ta Styrktarsj\u00f3\u00f0 gigtveikra barna nj\u00f3ta g\u00f3\u00f0s af \u00fev\u00ed.<\/p>\n<p>N\u00e1nari uppl\u00fdsingar m\u00e1 finna h\u00e9r: http:\/\/litlalitabokin.is\/?fbclid=IwAR36rJ4S6-o7CRRMJncrlq6D-bQPDrYl2ZnBiRUDolUM9NdVTCYsRjPYdh8<\/p>\n<p>&nbsp;<\/p>\n<p>&nbsp;<\/p>\n","protected":false},"featured_media":293,"template":"","meta":[],"product_cat":[15],"product_tag":[],"class_list":["post-292","product","type-product","status-publish","has-post-thumbnail","hentry","product_cat-fjaroflun"],"_links":{"self":[{"href":"https:\/\/afturelding.is\/fjaroflun\/wp-json\/wp\/v2\/product\/292","targetHints":{"allow":["GET"]}}],"collection":[{"href":"https:\/\/afturelding.is\/fjaroflun\/wp-json\/wp\/v2\/product"}],"about":[{"href":"https:\/\/afturelding.is\/fjaroflun\/wp-json\/wp\/v2\/types\/product"}],"wp:featuredmedia":[{"embeddable":true,"href":"https:\/\/afturelding.is\/fjaroflun\/wp-json\/wp\/v2\/media\/293"}],"wp:attachment":[{"href":"https:\/\/afturelding.is\/fjaroflun\/wp-json\/wp\/v2\/media?parent=292"}],"wp:term":[{"taxonomy":"product_cat","embeddable":true,"href":"https:\/\/afturelding.is\/fjaroflun\/wp-json\/wp\/v2\/product_cat?post=292"},{"taxonomy":"product_tag","embeddable":true,"href":"https:\/\/afturelding.is\/fjaroflun\/wp-json\/wp\/v2\/product_tag?post=292"}],"curies":[{"name":"wp","href":"https:\/\/api.w.org\/{rel}","templated":true}]}}