{"id":294,"date":"2020-03-11T22:25:31","date_gmt":"2020-03-11T22:25:31","guid":{"rendered":"https:\/\/afturelding.is\/fjaroflun\/?post_type=product&#038;p=294"},"modified":"2020-05-07T23:44:16","modified_gmt":"2020-05-07T23:44:16","slug":"punto","status":"publish","type":"product","link":"https:\/\/afturelding.is\/fjaroflun\/vara\/punto\/","title":{"rendered":"Punto"},"content":{"rendered":"","protected":false},"excerpt":{"rendered":"<p>Skemmtilegt spil fyrir 2-4 leikmenn, 8 \u00e1ra og eldri.<\/p>\n<p>Leikmenn f\u00e1 \u00e1kve\u00f0inn fj\u00f6lda spila og keppast um a\u00f0 leggja \u00feau ni\u00f0ur \u00ed ra\u00f0ir me\u00f0 s\u00f6mu litum (l\u00e1r\u00e9tt, l\u00f3\u00f0r\u00e9tt e\u00f0a \u00e1 sk\u00e1) og f\u00e1 stig fyrir punktana \u00e1 \u00feeim. Einnig m\u00e1 leggja spil ofan \u00e1 anna\u00f0 spil en a\u00f0eins ef f\u00e6rri stig eru \u00e1 ne\u00f0ra spilinu. S\u00e1 sem fyrstur sigrar tv\u00e6r umfer\u00f0ir vinnur leikinn. H\u00e6gt er a\u00f0 spila sem einstaklingar e\u00f0a li\u00f0.<\/p>\n<p>Spili\u00f0 f\u00e6st \u00ed litlu, handh\u00e6gu \u00e1lboxi sem hentugt er a\u00f0 fer\u00f0ast me\u00f0.<\/p>\n","protected":false},"featured_media":295,"template":"","meta":[],"product_cat":[15],"product_tag":[],"class_list":["post-294","product","type-product","status-publish","has-post-thumbnail","hentry","product_cat-fjaroflun"],"_links":{"self":[{"href":"https:\/\/afturelding.is\/fjaroflun\/wp-json\/wp\/v2\/product\/294","targetHints":{"allow":["GET"]}}],"collection":[{"href":"https:\/\/afturelding.is\/fjaroflun\/wp-json\/wp\/v2\/product"}],"about":[{"href":"https:\/\/afturelding.is\/fjaroflun\/wp-json\/wp\/v2\/types\/product"}],"wp:featuredmedia":[{"embeddable":true,"href":"https:\/\/afturelding.is\/fjaroflun\/wp-json\/wp\/v2\/media\/295"}],"wp:attachment":[{"href":"https:\/\/afturelding.is\/fjaroflun\/wp-json\/wp\/v2\/media?parent=294"}],"wp:term":[{"taxonomy":"product_cat","embeddable":true,"href":"https:\/\/afturelding.is\/fjaroflun\/wp-json\/wp\/v2\/product_cat?post=294"},{"taxonomy":"product_tag","embeddable":true,"href":"https:\/\/afturelding.is\/fjaroflun\/wp-json\/wp\/v2\/product_tag?post=294"}],"curies":[{"name":"wp","href":"https:\/\/api.w.org\/{rel}","templated":true}]}}