{"id":302,"date":"2020-03-11T22:46:32","date_gmt":"2020-03-11T22:46:32","guid":{"rendered":"https:\/\/afturelding.is\/fjaroflun\/?post_type=product&#038;p=302"},"modified":"2023-10-05T09:29:41","modified_gmt":"2023-10-05T09:29:41","slug":"gou-lakkris-500-gr","status":"publish","type":"product","link":"https:\/\/afturelding.is\/fjaroflun\/vara\/gou-lakkris-500-gr\/","title":{"rendered":"G\u00f3u lakkr\u00eds 450 gr."},"content":{"rendered":"","protected":false},"excerpt":{"rendered":"<p>450 gr. lakkr\u00edspoki fr\u00e1 G\u00f3u<\/p>\n","protected":false},"featured_media":303,"template":"","meta":[],"product_cat":[15],"product_tag":[],"class_list":["post-302","product","type-product","status-publish","has-post-thumbnail","hentry","product_cat-fjaroflun"],"_links":{"self":[{"href":"https:\/\/afturelding.is\/fjaroflun\/wp-json\/wp\/v2\/product\/302","targetHints":{"allow":["GET"]}}],"collection":[{"href":"https:\/\/afturelding.is\/fjaroflun\/wp-json\/wp\/v2\/product"}],"about":[{"href":"https:\/\/afturelding.is\/fjaroflun\/wp-json\/wp\/v2\/types\/product"}],"wp:featuredmedia":[{"embeddable":true,"href":"https:\/\/afturelding.is\/fjaroflun\/wp-json\/wp\/v2\/media\/303"}],"wp:attachment":[{"href":"https:\/\/afturelding.is\/fjaroflun\/wp-json\/wp\/v2\/media?parent=302"}],"wp:term":[{"taxonomy":"product_cat","embeddable":true,"href":"https:\/\/afturelding.is\/fjaroflun\/wp-json\/wp\/v2\/product_cat?post=302"},{"taxonomy":"product_tag","embeddable":true,"href":"https:\/\/afturelding.is\/fjaroflun\/wp-json\/wp\/v2\/product_tag?post=302"}],"curies":[{"name":"wp","href":"https:\/\/api.w.org\/{rel}","templated":true}]}}