{"id":304,"date":"2020-03-11T22:57:43","date_gmt":"2020-03-11T22:57:43","guid":{"rendered":"https:\/\/afturelding.is\/fjaroflun\/?post_type=product&#038;p=304"},"modified":"2021-12-24T07:46:49","modified_gmt":"2021-12-24T07:46:49","slug":"glasaskraut-6-stk","status":"publish","type":"product","link":"https:\/\/afturelding.is\/fjaroflun\/vara\/glasaskraut-6-stk\/","title":{"rendered":"Glasaskraut 6 stk."},"content":{"rendered":"<p>Gu\u00f0r\u00fan Nanna Egilsd\u00f3ttir er f\u00e6dd 1994 og haldin taugasj\u00fakd\u00f3mnum Spinal Muscular Atrophy (SMA). Sj\u00fakd\u00f3murinn orsakast af genagalla, sem veldur takmarka\u00f0ri framle<span class=\"text_exposed_show\">i\u00f0slu pr\u00f3teins nau\u00f0synlegu til vi\u00f0halds taugaenda vi\u00f0 m\u00e6nu. Aflei\u00f0ingin er s\u00fa a\u00f0 taugaendarnir t\u00fdna sm\u00e1m saman t\u00f6lunni og koma einkennin fram \u00ed vaxandi m\u00e1ttleysi eftir \u00fev\u00ed sem einstaklingurinn st\u00e6kkar og \u00feyngist.<br \/>\n<\/span><\/p>\n<p><span class=\"text_exposed_show\">Gu\u00f0r\u00fan Nanna, mamma hennar, Hr\u00f6nn, og Nanna, amma hennar, a\u00f0 selja \u00fdmsar hannyr\u00f0a- og sm\u00e1v\u00f6rur til s\u00f6fnunar \u00ed styrktarsj\u00f3\u00f0 fyrir Gu\u00f0r\u00fanu N\u00f6nnu.<\/span><\/p>\n","protected":false},"excerpt":{"rendered":"<p>Glasaskraut me\u00f0 fi\u00f0rildum \u00far Swarovski steinum, 6 stk. \u00ed pakka.<\/p>\n<p>Hvert fi\u00f0rildi hefur sinn lit til a\u00f0 au\u00f0velta f\u00f3lki a\u00f0 \u00feekkja sitt glas fr\u00e1 \u00f6\u00f0rum, tilvali\u00f0 fyrir veislur, \u00ed hj\u00f3lh\u00fdsi\u00f0 e\u00f0a bara matarbo\u00f0i\u00f0.<\/p>\n<p>Me\u00f0 kaupum \u00e1 \u00feessu styrkir \u00fe\u00fa tv\u00f6 m\u00e1lefni, \u00ed\u00fer\u00f3ttai\u00f0kun barnsins og styrktararsj\u00f3\u00f0 Gu\u00f0r\u00fanar N\u00f6nnu.<\/p>\n","protected":false},"featured_media":305,"template":"","meta":[],"product_cat":[15],"product_tag":[],"class_list":["post-304","product","type-product","status-publish","has-post-thumbnail","hentry","product_cat-fjaroflun"],"_links":{"self":[{"href":"https:\/\/afturelding.is\/fjaroflun\/wp-json\/wp\/v2\/product\/304","targetHints":{"allow":["GET"]}}],"collection":[{"href":"https:\/\/afturelding.is\/fjaroflun\/wp-json\/wp\/v2\/product"}],"about":[{"href":"https:\/\/afturelding.is\/fjaroflun\/wp-json\/wp\/v2\/types\/product"}],"wp:featuredmedia":[{"embeddable":true,"href":"https:\/\/afturelding.is\/fjaroflun\/wp-json\/wp\/v2\/media\/305"}],"wp:attachment":[{"href":"https:\/\/afturelding.is\/fjaroflun\/wp-json\/wp\/v2\/media?parent=304"}],"wp:term":[{"taxonomy":"product_cat","embeddable":true,"href":"https:\/\/afturelding.is\/fjaroflun\/wp-json\/wp\/v2\/product_cat?post=304"},{"taxonomy":"product_tag","embeddable":true,"href":"https:\/\/afturelding.is\/fjaroflun\/wp-json\/wp\/v2\/product_tag?post=304"}],"curies":[{"name":"wp","href":"https:\/\/api.w.org\/{rel}","templated":true}]}}