{"id":306,"date":"2020-03-11T23:20:18","date_gmt":"2020-03-11T23:20:18","guid":{"rendered":"https:\/\/afturelding.is\/fjaroflun\/?post_type=product&#038;p=306"},"modified":"2021-05-27T08:37:21","modified_gmt":"2021-05-27T08:37:21","slug":"smartsocks","status":"publish","type":"product","link":"https:\/\/afturelding.is\/fjaroflun\/vara\/smartsocks\/","title":{"rendered":"Skrautlegir sokkar 1 par."},"content":{"rendered":"","protected":false},"excerpt":{"rendered":"<p>Skrautlegir sokkar fr\u00e1 Smart Socks<\/p>\n<p>\u00de\u00fa kaupir eitt par og vi\u00f0 komum \u00fe\u00e9r \u00e1 \u00f3vart \u00ed lita- og munsturvali<\/p>\n<p>1 par &#8211; blanda\u00f0ar \u00fatf\u00e6rslur<\/p>\n<p>&nbsp;<\/p>\n","protected":false},"featured_media":635,"template":"","meta":[],"product_cat":[15],"product_tag":[],"class_list":["post-306","product","type-product","status-publish","has-post-thumbnail","hentry","product_cat-fjaroflun","pa_staerd-small","pa_staerd-medium","pa_staerd-large"],"_links":{"self":[{"href":"https:\/\/afturelding.is\/fjaroflun\/wp-json\/wp\/v2\/product\/306","targetHints":{"allow":["GET"]}}],"collection":[{"href":"https:\/\/afturelding.is\/fjaroflun\/wp-json\/wp\/v2\/product"}],"about":[{"href":"https:\/\/afturelding.is\/fjaroflun\/wp-json\/wp\/v2\/types\/product"}],"wp:featuredmedia":[{"embeddable":true,"href":"https:\/\/afturelding.is\/fjaroflun\/wp-json\/wp\/v2\/media\/635"}],"wp:attachment":[{"href":"https:\/\/afturelding.is\/fjaroflun\/wp-json\/wp\/v2\/media?parent=306"}],"wp:term":[{"taxonomy":"product_cat","embeddable":true,"href":"https:\/\/afturelding.is\/fjaroflun\/wp-json\/wp\/v2\/product_cat?post=306"},{"taxonomy":"product_tag","embeddable":true,"href":"https:\/\/afturelding.is\/fjaroflun\/wp-json\/wp\/v2\/product_tag?post=306"}],"curies":[{"name":"wp","href":"https:\/\/api.w.org\/{rel}","templated":true}]}}