{"id":528,"date":"2022-12-14T13:50:29","date_gmt":"2022-12-14T13:50:29","guid":{"rendered":"https:\/\/afturelding.is\/fjaroflun\/?post_type=product&#038;p=528"},"modified":"2022-12-23T22:46:57","modified_gmt":"2022-12-23T22:46:57","slug":"jolasveinaheimsokn","status":"publish","type":"product","link":"https:\/\/afturelding.is\/fjaroflun\/vara\/jolasveinaheimsokn\/","title":{"rendered":"J\u00f3lasveinaheims\u00f3kn"},"content":{"rendered":"<p>J\u00f3lasamstarf j\u00f3lasveinanna og Knattspyrnudeildar Aftureldingar ver\u00f0ur \u00e1 s\u00ednum sta\u00f0 \u00ed \u00e1r.<\/p>\n<p>Heims\u00f3knart\u00edminn er laugardagurinn 24. des \u00e1 milli kl 10:00 og 14:00.<\/p>\n<p>H\u00e6gt er a\u00f0 l\u00e1ta \u00feessa skemmtilegu j\u00f3lasveina afhenda pakka.<br \/>\nSetja \u00ed athugasemd (\u00ed grei\u00f0sluferlinu) uppl\u00fdsingar um b\u00edll\/tegund\/n\u00famer e\u00f0a sta\u00f0ur sem pakki\/ar er geymdur.\u00a0Einnig m\u00e1 setja \u00ed athugasemd ef s\u00e9rstakar \u00f3skir eru um t\u00edma.<\/p>\n<p>Heims\u00f3knin kostar 5000 kr\u00f3nur en panta \u00fearf \u00ed vefverslun Aftureldingar fyrir klukkan 16:00 \u00e1 \u00deorl\u00e1ksmessu.<\/p>\n<p>&nbsp;<\/p>\n","protected":false},"excerpt":{"rendered":"<p>J\u00f3lasamstarf j\u00f3lasveinanna og Knattspyrnudeildar Aftureldingar ver\u00f0ur \u00e1 s\u00ednum sta\u00f0 \u00ed \u00e1r. Heims\u00f3knart\u00edminn er laugardagurinn 24. des \u00e1 milli kl 10:00 og 14:00. H\u00e6gt er a\u00f0 l\u00e1ta \u00feessa skemmtilegu j\u00f3lasveina afhenda pakka. Setja \u00ed athugasemd (\u00ed grei\u00f0sluferlinu) uppl\u00fdsingar um b\u00edll\/tegund\/n\u00famer e\u00f0a sta\u00f0ur sem pakki\/ar er geymdur.\u00a0Einnig m\u00e1 setja \u00ed athugasemd ef s\u00e9rstakar \u00f3skir eru um t\u00edma. Heims\u00f3knin kostar 5000 kr\u00f3nur en &#8230; <\/p>\n<div><a href=\"https:\/\/afturelding.is\/fjaroflun\/vara\/jolasveinaheimsokn\/\" class=\"more-link\">Sko\u00f0a betur<\/a><\/div>\n","protected":false},"featured_media":529,"template":"","meta":[],"product_cat":[15],"product_tag":[],"class_list":["post-528","product","type-product","status-publish","has-post-thumbnail","hentry","product_cat-fjaroflun"],"_links":{"self":[{"href":"https:\/\/afturelding.is\/fjaroflun\/wp-json\/wp\/v2\/product\/528","targetHints":{"allow":["GET"]}}],"collection":[{"href":"https:\/\/afturelding.is\/fjaroflun\/wp-json\/wp\/v2\/product"}],"about":[{"href":"https:\/\/afturelding.is\/fjaroflun\/wp-json\/wp\/v2\/types\/product"}],"wp:featuredmedia":[{"embeddable":true,"href":"https:\/\/afturelding.is\/fjaroflun\/wp-json\/wp\/v2\/media\/529"}],"wp:attachment":[{"href":"https:\/\/afturelding.is\/fjaroflun\/wp-json\/wp\/v2\/media?parent=528"}],"wp:term":[{"taxonomy":"product_cat","embeddable":true,"href":"https:\/\/afturelding.is\/fjaroflun\/wp-json\/wp\/v2\/product_cat?post=528"},{"taxonomy":"product_tag","embeddable":true,"href":"https:\/\/afturelding.is\/fjaroflun\/wp-json\/wp\/v2\/product_tag?post=528"}],"curies":[{"name":"wp","href":"https:\/\/api.w.org\/{rel}","templated":true}]}}