{"id":581,"date":"2021-01-25T18:05:44","date_gmt":"2021-01-25T18:05:44","guid":{"rendered":"https:\/\/afturelding.is\/fjaroflun\/?post_type=product&#038;p=581"},"modified":"2023-10-05T09:30:37","modified_gmt":"2023-10-05T09:30:37","slug":"italskt-pizzadeig","status":"publish","type":"product","link":"https:\/\/afturelding.is\/fjaroflun\/vara\/italskt-pizzadeig\/","title":{"rendered":"S\u00fardeigs pizzadeig &#8211; 65 stk."},"content":{"rendered":"","protected":false},"excerpt":{"rendered":"<p>Pizzadeig fr\u00e1 Blackbox &#8211; s\u00fardeig<\/p>\n<p>220 gr. deig &#8211; 65 stk. \u00ed kassa<\/p>\n<p>Sni\u00f0ugt a\u00f0 umpakka og selja 10 k\u00falur \u00ed pakka<\/p>\n<p>&nbsp;<\/p>\n","protected":false},"featured_media":966,"template":"","meta":[],"product_cat":[15],"product_tag":[],"class_list":["post-581","product","type-product","status-publish","has-post-thumbnail","hentry","product_cat-fjaroflun"],"_links":{"self":[{"href":"https:\/\/afturelding.is\/fjaroflun\/wp-json\/wp\/v2\/product\/581","targetHints":{"allow":["GET"]}}],"collection":[{"href":"https:\/\/afturelding.is\/fjaroflun\/wp-json\/wp\/v2\/product"}],"about":[{"href":"https:\/\/afturelding.is\/fjaroflun\/wp-json\/wp\/v2\/types\/product"}],"wp:featuredmedia":[{"embeddable":true,"href":"https:\/\/afturelding.is\/fjaroflun\/wp-json\/wp\/v2\/media\/966"}],"wp:attachment":[{"href":"https:\/\/afturelding.is\/fjaroflun\/wp-json\/wp\/v2\/media?parent=581"}],"wp:term":[{"taxonomy":"product_cat","embeddable":true,"href":"https:\/\/afturelding.is\/fjaroflun\/wp-json\/wp\/v2\/product_cat?post=581"},{"taxonomy":"product_tag","embeddable":true,"href":"https:\/\/afturelding.is\/fjaroflun\/wp-json\/wp\/v2\/product_tag?post=581"}],"curies":[{"name":"wp","href":"https:\/\/api.w.org\/{rel}","templated":true}]}}