{"id":583,"date":"2021-01-25T18:08:24","date_gmt":"2021-01-25T18:08:24","guid":{"rendered":"https:\/\/afturelding.is\/fjaroflun\/?post_type=product&#038;p=583"},"modified":"2021-02-09T14:37:24","modified_gmt":"2021-02-09T14:37:24","slug":"hardfiskur-200-gr","status":"publish","type":"product","link":"https:\/\/afturelding.is\/fjaroflun\/vara\/hardfiskur-200-gr\/","title":{"rendered":"Har\u00f0fiskur 200 gr."},"content":{"rendered":"","protected":false},"excerpt":{"rendered":"<p>Ro\u00f0laus handverku\u00f0 hert \u00fdsa fr\u00e1 Hafnarfir\u00f0i 200 gr.<\/p>\n","protected":false},"featured_media":584,"template":"","meta":[],"product_cat":[15],"product_tag":[],"class_list":["post-583","product","type-product","status-publish","has-post-thumbnail","hentry","product_cat-fjaroflun"],"_links":{"self":[{"href":"https:\/\/afturelding.is\/fjaroflun\/wp-json\/wp\/v2\/product\/583","targetHints":{"allow":["GET"]}}],"collection":[{"href":"https:\/\/afturelding.is\/fjaroflun\/wp-json\/wp\/v2\/product"}],"about":[{"href":"https:\/\/afturelding.is\/fjaroflun\/wp-json\/wp\/v2\/types\/product"}],"wp:featuredmedia":[{"embeddable":true,"href":"https:\/\/afturelding.is\/fjaroflun\/wp-json\/wp\/v2\/media\/584"}],"wp:attachment":[{"href":"https:\/\/afturelding.is\/fjaroflun\/wp-json\/wp\/v2\/media?parent=583"}],"wp:term":[{"taxonomy":"product_cat","embeddable":true,"href":"https:\/\/afturelding.is\/fjaroflun\/wp-json\/wp\/v2\/product_cat?post=583"},{"taxonomy":"product_tag","embeddable":true,"href":"https:\/\/afturelding.is\/fjaroflun\/wp-json\/wp\/v2\/product_tag?post=583"}],"curies":[{"name":"wp","href":"https:\/\/api.w.org\/{rel}","templated":true}]}}