{"id":626,"date":"2021-05-17T22:09:39","date_gmt":"2021-05-17T22:09:39","guid":{"rendered":"https:\/\/afturelding.is\/fjaroflun\/?post_type=product&#038;p=626"},"modified":"2025-05-05T09:13:54","modified_gmt":"2025-05-05T09:13:54","slug":"lambalaerissneidar-1-kg","status":"publish","type":"product","link":"https:\/\/afturelding.is\/fjaroflun\/vara\/lambalaerissneidar-1-kg\/","title":{"rendered":"Lambal\u00e6rissnei\u00f0ar 1 kg."},"content":{"rendered":"","protected":false},"excerpt":{"rendered":"<p>Marinera\u00f0ar lambal\u00e6rissnei\u00f0ar fr\u00e1 Kj\u00f6tb\u00fa\u00f0inni<\/p>\n<p>1 kg. pr. pakkningu<\/p>\n<p>Tilb\u00fai\u00f0 beint \u00e1 grilli\u00f0!<\/p>\n","protected":false},"featured_media":627,"template":"","meta":[],"product_cat":[15],"product_tag":[],"class_list":["post-626","product","type-product","status-publish","has-post-thumbnail","hentry","product_cat-fjaroflun"],"_links":{"self":[{"href":"https:\/\/afturelding.is\/fjaroflun\/wp-json\/wp\/v2\/product\/626","targetHints":{"allow":["GET"]}}],"collection":[{"href":"https:\/\/afturelding.is\/fjaroflun\/wp-json\/wp\/v2\/product"}],"about":[{"href":"https:\/\/afturelding.is\/fjaroflun\/wp-json\/wp\/v2\/types\/product"}],"wp:featuredmedia":[{"embeddable":true,"href":"https:\/\/afturelding.is\/fjaroflun\/wp-json\/wp\/v2\/media\/627"}],"wp:attachment":[{"href":"https:\/\/afturelding.is\/fjaroflun\/wp-json\/wp\/v2\/media?parent=626"}],"wp:term":[{"taxonomy":"product_cat","embeddable":true,"href":"https:\/\/afturelding.is\/fjaroflun\/wp-json\/wp\/v2\/product_cat?post=626"},{"taxonomy":"product_tag","embeddable":true,"href":"https:\/\/afturelding.is\/fjaroflun\/wp-json\/wp\/v2\/product_tag?post=626"}],"curies":[{"name":"wp","href":"https:\/\/api.w.org\/{rel}","templated":true}]}}