{"id":628,"date":"2021-05-17T22:11:36","date_gmt":"2021-05-17T22:11:36","guid":{"rendered":"https:\/\/afturelding.is\/fjaroflun\/?post_type=product&#038;p=628"},"modified":"2025-05-05T09:13:38","modified_gmt":"2025-05-05T09:13:38","slug":"grisahnakki-1-kg","status":"publish","type":"product","link":"https:\/\/afturelding.is\/fjaroflun\/vara\/grisahnakki-1-kg\/","title":{"rendered":"Gr\u00edsarhankki 1 kg. marinera\u00f0ur"},"content":{"rendered":"","protected":false},"excerpt":{"rendered":"<p>Marinera\u00f0 gr\u00edsahnakki<\/p>\n<p>1 kg. pr. pakkningu<\/p>\n<p>Tilb\u00fai\u00f0 beint \u00e1 grilli\u00f0!<\/p>\n","protected":false},"featured_media":629,"template":"","meta":[],"product_cat":[15],"product_tag":[],"class_list":["post-628","product","type-product","status-publish","has-post-thumbnail","hentry","product_cat-fjaroflun"],"_links":{"self":[{"href":"https:\/\/afturelding.is\/fjaroflun\/wp-json\/wp\/v2\/product\/628","targetHints":{"allow":["GET"]}}],"collection":[{"href":"https:\/\/afturelding.is\/fjaroflun\/wp-json\/wp\/v2\/product"}],"about":[{"href":"https:\/\/afturelding.is\/fjaroflun\/wp-json\/wp\/v2\/types\/product"}],"wp:featuredmedia":[{"embeddable":true,"href":"https:\/\/afturelding.is\/fjaroflun\/wp-json\/wp\/v2\/media\/629"}],"wp:attachment":[{"href":"https:\/\/afturelding.is\/fjaroflun\/wp-json\/wp\/v2\/media?parent=628"}],"wp:term":[{"taxonomy":"product_cat","embeddable":true,"href":"https:\/\/afturelding.is\/fjaroflun\/wp-json\/wp\/v2\/product_cat?post=628"},{"taxonomy":"product_tag","embeddable":true,"href":"https:\/\/afturelding.is\/fjaroflun\/wp-json\/wp\/v2\/product_tag?post=628"}],"curies":[{"name":"wp","href":"https:\/\/api.w.org\/{rel}","templated":true}]}}