{"id":630,"date":"2021-05-17T22:17:47","date_gmt":"2021-05-17T22:17:47","guid":{"rendered":"https:\/\/afturelding.is\/fjaroflun\/?post_type=product&#038;p=630"},"modified":"2021-05-27T08:37:19","modified_gmt":"2021-05-27T08:37:19","slug":"nautalund-erlend-1-kg","status":"publish","type":"product","link":"https:\/\/afturelding.is\/fjaroflun\/vara\/nautalund-erlend-1-kg\/","title":{"rendered":"Nautalund (erlend) 1 kg."},"content":{"rendered":"","protected":false},"excerpt":{"rendered":"<p>Kryddlegin nautalund &#8211; erlend<\/p>\n<p>1 kg. pr. pakkningu<\/p>\n<p>Tilb\u00fai\u00f0 beint \u00e1 grilli\u00f0!<\/p>\n","protected":false},"featured_media":631,"template":"","meta":[],"product_cat":[15],"product_tag":[],"class_list":["post-630","product","type-product","status-publish","has-post-thumbnail","hentry","product_cat-fjaroflun"],"_links":{"self":[{"href":"https:\/\/afturelding.is\/fjaroflun\/wp-json\/wp\/v2\/product\/630","targetHints":{"allow":["GET"]}}],"collection":[{"href":"https:\/\/afturelding.is\/fjaroflun\/wp-json\/wp\/v2\/product"}],"about":[{"href":"https:\/\/afturelding.is\/fjaroflun\/wp-json\/wp\/v2\/types\/product"}],"wp:featuredmedia":[{"embeddable":true,"href":"https:\/\/afturelding.is\/fjaroflun\/wp-json\/wp\/v2\/media\/631"}],"wp:attachment":[{"href":"https:\/\/afturelding.is\/fjaroflun\/wp-json\/wp\/v2\/media?parent=630"}],"wp:term":[{"taxonomy":"product_cat","embeddable":true,"href":"https:\/\/afturelding.is\/fjaroflun\/wp-json\/wp\/v2\/product_cat?post=630"},{"taxonomy":"product_tag","embeddable":true,"href":"https:\/\/afturelding.is\/fjaroflun\/wp-json\/wp\/v2\/product_tag?post=630"}],"curies":[{"name":"wp","href":"https:\/\/api.w.org\/{rel}","templated":true}]}}