{"id":636,"date":"2021-05-17T22:39:57","date_gmt":"2021-05-17T22:39:57","guid":{"rendered":"https:\/\/afturelding.is\/fjaroflun\/?post_type=product&#038;p=636"},"modified":"2021-05-27T08:37:19","modified_gmt":"2021-05-27T08:37:19","slug":"sjukrapudi-100","status":"publish","type":"product","link":"https:\/\/afturelding.is\/fjaroflun\/vara\/sjukrapudi-100\/","title":{"rendered":"Sj\u00fakrap\u00fa\u00f0i 100"},"content":{"rendered":"<p>Innihald:<\/p>\n<p>2 stk. S\u00e1rabindi 5cm. x 4mtr.<\/p>\n<p>1 stk. \u00der\u00fdstib\u00f6ggull str. S<\/p>\n<p>4 stk. Hreinsikl\u00fatar<\/p>\n<p>1 rl. Heftipl\u00e1stur<\/p>\n<p>1 pk. Pl\u00e1sturlengja<\/p>\n<p>1 stk. Einnota hanskar<\/p>\n<p>1 pk. Pl\u00e1stur blanda\u00f0ur<\/p>\n<p>1 stk. Bl\u00e1stursmaski<\/p>\n<p>1 stk. S\u00e1ragrisja 5cm. x 5cm.<\/p>\n<p>1 stk. Sk\u00e6ri<\/p>\n<p>1 stk. Fl\u00edsat\u00f6ng<\/p>\n","protected":false},"excerpt":{"rendered":"<p>\u00deessi flotta sj\u00fakrataska inniheldur allt \u00fea\u00f0 helsta sem \u00fearf til a\u00f0 breg\u00f0ast vi\u00f0 ef slys e\u00f0a veikindi ber a\u00f0 h\u00f6ndum.<\/p>\n<p>G\u00f3\u00f0 \u00e1 heimili, \u00ed sumarb\u00fasta\u00f0i og hentug fyrir fer\u00f0al\u00f6g \u00ed b\u00edlinn, hj\u00f3lh\u00fdsi\u00f0, tjaldi\u00f0 og hj\u00f3la-, hlaupa-, og g\u00f6ngufer\u00f0ir.<\/p>\n<p>Nett taska me\u00f0 \u00f6llu \u00fev\u00ed nau\u00f0synlegasta.<\/p>\n<p>St\u00e6r\u00f0: 12x8x6,5 cm<\/p>\n","protected":false},"featured_media":637,"template":"","meta":[],"product_cat":[15],"product_tag":[],"class_list":["post-636","product","type-product","status-publish","has-post-thumbnail","hentry","product_cat-fjaroflun"],"_links":{"self":[{"href":"https:\/\/afturelding.is\/fjaroflun\/wp-json\/wp\/v2\/product\/636","targetHints":{"allow":["GET"]}}],"collection":[{"href":"https:\/\/afturelding.is\/fjaroflun\/wp-json\/wp\/v2\/product"}],"about":[{"href":"https:\/\/afturelding.is\/fjaroflun\/wp-json\/wp\/v2\/types\/product"}],"wp:featuredmedia":[{"embeddable":true,"href":"https:\/\/afturelding.is\/fjaroflun\/wp-json\/wp\/v2\/media\/637"}],"wp:attachment":[{"href":"https:\/\/afturelding.is\/fjaroflun\/wp-json\/wp\/v2\/media?parent=636"}],"wp:term":[{"taxonomy":"product_cat","embeddable":true,"href":"https:\/\/afturelding.is\/fjaroflun\/wp-json\/wp\/v2\/product_cat?post=636"},{"taxonomy":"product_tag","embeddable":true,"href":"https:\/\/afturelding.is\/fjaroflun\/wp-json\/wp\/v2\/product_tag?post=636"}],"curies":[{"name":"wp","href":"https:\/\/api.w.org\/{rel}","templated":true}]}}