{"id":638,"date":"2021-05-17T22:42:30","date_gmt":"2021-05-17T22:42:30","guid":{"rendered":"https:\/\/afturelding.is\/fjaroflun\/?post_type=product&#038;p=638"},"modified":"2021-05-27T08:37:18","modified_gmt":"2021-05-27T08:37:18","slug":"sjukrapudi-200","status":"publish","type":"product","link":"https:\/\/afturelding.is\/fjaroflun\/vara\/sjukrapudi-200\/","title":{"rendered":"Sj\u00fakrap\u00fa\u00f0i 200"},"content":{"rendered":"<p>Innihald:<\/p>\n<p>1 stk. Teygjubindi 5cm. x 4,5mtr.<\/p>\n<p>1 rl. Heftipl\u00e1stur<\/p>\n<p>2 stk. S\u00e1rabindi 7,5cm. x 4mtr.<\/p>\n<p>1 stk. Fl\u00edsat\u00f6ng<\/p>\n<p>6 stk. Hreinsikl\u00fatar<\/p>\n<p>1 pk. Pl\u00e1sturlengja<\/p>\n<p>2 stk. S\u00e1ragrisja 7,5cm. x 7,5cm.<\/p>\n<p>1 stk. Bl\u00e1stursmaski<\/p>\n<p>1 stk. Einnota hanskar<\/p>\n<p>1 pk. Pl\u00e1stur blanda\u00f0ur<\/p>\n<p>4 stk. H\u00e6ls\u00e6rispl\u00e1stur<\/p>\n<p>1 stk. Klemmupl\u00e1stur<\/p>\n<p>2 stk. S\u00e1ragrisja 5cm. x 5cm.<\/p>\n<p>1 stk. \u00der\u00fdstib\u00f6ggull str. S<\/p>\n<p>1 stk. Sk\u00e6ri<\/p>\n<p>&nbsp;<\/p>\n","protected":false},"excerpt":{"rendered":"<p>Hentar s\u00e9rstaklega vel \u00e1 heimili, \u00ed fyrirt\u00e6ki, sumarb\u00fasta\u00f0i, hj\u00f3lh\u00fdsi og v\u00ed\u00f0ar.<\/p>\n<p>\u201cEin me\u00f0 \u00f6llu\u201d fyrir \u00fativist og \u00f6nnur fer\u00f0al\u00f6g.<\/p>\n<p>St\u00e6r\u00f0: 14x10x7 cm.<\/p>\n","protected":false},"featured_media":639,"template":"","meta":[],"product_cat":[15],"product_tag":[],"class_list":["post-638","product","type-product","status-publish","has-post-thumbnail","hentry","product_cat-fjaroflun"],"_links":{"self":[{"href":"https:\/\/afturelding.is\/fjaroflun\/wp-json\/wp\/v2\/product\/638","targetHints":{"allow":["GET"]}}],"collection":[{"href":"https:\/\/afturelding.is\/fjaroflun\/wp-json\/wp\/v2\/product"}],"about":[{"href":"https:\/\/afturelding.is\/fjaroflun\/wp-json\/wp\/v2\/types\/product"}],"wp:featuredmedia":[{"embeddable":true,"href":"https:\/\/afturelding.is\/fjaroflun\/wp-json\/wp\/v2\/media\/639"}],"wp:attachment":[{"href":"https:\/\/afturelding.is\/fjaroflun\/wp-json\/wp\/v2\/media?parent=638"}],"wp:term":[{"taxonomy":"product_cat","embeddable":true,"href":"https:\/\/afturelding.is\/fjaroflun\/wp-json\/wp\/v2\/product_cat?post=638"},{"taxonomy":"product_tag","embeddable":true,"href":"https:\/\/afturelding.is\/fjaroflun\/wp-json\/wp\/v2\/product_tag?post=638"}],"curies":[{"name":"wp","href":"https:\/\/api.w.org\/{rel}","templated":true}]}}