{"id":688,"date":"2021-10-29T08:32:08","date_gmt":"2021-10-29T08:32:08","guid":{"rendered":"https:\/\/afturelding.is\/fjaroflun\/?post_type=product&#038;p=688"},"modified":"2021-11-22T18:53:37","modified_gmt":"2021-11-22T18:53:37","slug":"kalkunahakk-600-gr","status":"publish","type":"product","link":"https:\/\/afturelding.is\/fjaroflun\/vara\/kalkunahakk-600-gr\/","title":{"rendered":"Kalk\u00fanahakk 600 gr."},"content":{"rendered":"","protected":false},"excerpt":{"rendered":"<p>Kalk\u00fanahakk fr\u00e1 \u00cdsfugl 600 gr. \u00ed pakka<\/p>\n","protected":false},"featured_media":689,"template":"","meta":[],"product_cat":[15],"product_tag":[],"class_list":["post-688","product","type-product","status-publish","has-post-thumbnail","hentry","product_cat-fjaroflun"],"_links":{"self":[{"href":"https:\/\/afturelding.is\/fjaroflun\/wp-json\/wp\/v2\/product\/688","targetHints":{"allow":["GET"]}}],"collection":[{"href":"https:\/\/afturelding.is\/fjaroflun\/wp-json\/wp\/v2\/product"}],"about":[{"href":"https:\/\/afturelding.is\/fjaroflun\/wp-json\/wp\/v2\/types\/product"}],"wp:featuredmedia":[{"embeddable":true,"href":"https:\/\/afturelding.is\/fjaroflun\/wp-json\/wp\/v2\/media\/689"}],"wp:attachment":[{"href":"https:\/\/afturelding.is\/fjaroflun\/wp-json\/wp\/v2\/media?parent=688"}],"wp:term":[{"taxonomy":"product_cat","embeddable":true,"href":"https:\/\/afturelding.is\/fjaroflun\/wp-json\/wp\/v2\/product_cat?post=688"},{"taxonomy":"product_tag","embeddable":true,"href":"https:\/\/afturelding.is\/fjaroflun\/wp-json\/wp\/v2\/product_tag?post=688"}],"curies":[{"name":"wp","href":"https:\/\/api.w.org\/{rel}","templated":true}]}}