{"id":691,"date":"2021-10-29T08:31:58","date_gmt":"2021-10-29T08:31:58","guid":{"rendered":"https:\/\/afturelding.is\/fjaroflun\/?post_type=product&#038;p=691"},"modified":"2021-11-22T18:53:54","modified_gmt":"2021-11-22T18:53:54","slug":"ruduskafa-med-kust","status":"publish","type":"product","link":"https:\/\/afturelding.is\/fjaroflun\/vara\/ruduskafa-med-kust\/","title":{"rendered":"R\u00fa\u00f0uskafa me\u00f0 k\u00fast"},"content":{"rendered":"","protected":false},"excerpt":{"rendered":"<p>\u00d6flug r\u00fa\u00f0uskafa me\u00f0 k\u00fasti \u00e1 endanum<\/p>\n","protected":false},"featured_media":692,"template":"","meta":[],"product_cat":[15],"product_tag":[],"class_list":["post-691","product","type-product","status-publish","has-post-thumbnail","hentry","product_cat-fjaroflun"],"_links":{"self":[{"href":"https:\/\/afturelding.is\/fjaroflun\/wp-json\/wp\/v2\/product\/691","targetHints":{"allow":["GET"]}}],"collection":[{"href":"https:\/\/afturelding.is\/fjaroflun\/wp-json\/wp\/v2\/product"}],"about":[{"href":"https:\/\/afturelding.is\/fjaroflun\/wp-json\/wp\/v2\/types\/product"}],"wp:featuredmedia":[{"embeddable":true,"href":"https:\/\/afturelding.is\/fjaroflun\/wp-json\/wp\/v2\/media\/692"}],"wp:attachment":[{"href":"https:\/\/afturelding.is\/fjaroflun\/wp-json\/wp\/v2\/media?parent=691"}],"wp:term":[{"taxonomy":"product_cat","embeddable":true,"href":"https:\/\/afturelding.is\/fjaroflun\/wp-json\/wp\/v2\/product_cat?post=691"},{"taxonomy":"product_tag","embeddable":true,"href":"https:\/\/afturelding.is\/fjaroflun\/wp-json\/wp\/v2\/product_tag?post=691"}],"curies":[{"name":"wp","href":"https:\/\/api.w.org\/{rel}","templated":true}]}}