{"id":693,"date":"2021-10-29T08:32:24","date_gmt":"2021-10-29T08:32:24","guid":{"rendered":"https:\/\/afturelding.is\/fjaroflun\/?post_type=product&#038;p=693"},"modified":"2025-05-05T09:15:53","modified_gmt":"2025-05-05T09:15:53","slug":"sambo-bland","status":"publish","type":"product","link":"https:\/\/afturelding.is\/fjaroflun\/vara\/sambo-bland\/","title":{"rendered":"Samb\u00f3 nammibland"},"content":{"rendered":"","protected":false},"excerpt":{"rendered":"<p>500 gr af g\u00f3ms\u00e6tu nammi fr\u00e1 Samb\u00f3<\/p>\n","protected":false},"featured_media":695,"template":"","meta":[],"product_cat":[15],"product_tag":[],"class_list":["post-693","product","type-product","status-publish","has-post-thumbnail","hentry","product_cat-fjaroflun"],"_links":{"self":[{"href":"https:\/\/afturelding.is\/fjaroflun\/wp-json\/wp\/v2\/product\/693","targetHints":{"allow":["GET"]}}],"collection":[{"href":"https:\/\/afturelding.is\/fjaroflun\/wp-json\/wp\/v2\/product"}],"about":[{"href":"https:\/\/afturelding.is\/fjaroflun\/wp-json\/wp\/v2\/types\/product"}],"wp:featuredmedia":[{"embeddable":true,"href":"https:\/\/afturelding.is\/fjaroflun\/wp-json\/wp\/v2\/media\/695"}],"wp:attachment":[{"href":"https:\/\/afturelding.is\/fjaroflun\/wp-json\/wp\/v2\/media?parent=693"}],"wp:term":[{"taxonomy":"product_cat","embeddable":true,"href":"https:\/\/afturelding.is\/fjaroflun\/wp-json\/wp\/v2\/product_cat?post=693"},{"taxonomy":"product_tag","embeddable":true,"href":"https:\/\/afturelding.is\/fjaroflun\/wp-json\/wp\/v2\/product_tag?post=693"}],"curies":[{"name":"wp","href":"https:\/\/api.w.org\/{rel}","templated":true}]}}