{"id":729,"date":"2021-11-22T19:10:02","date_gmt":"2021-11-22T19:10:02","guid":{"rendered":"https:\/\/afturelding.is\/fjaroflun\/?post_type=product&#038;p=729"},"modified":"2021-12-02T08:55:52","modified_gmt":"2021-12-02T08:55:52","slug":"kerti-og-serviettur-hvit","status":"publish","type":"product","link":"https:\/\/afturelding.is\/fjaroflun\/vara\/kerti-og-serviettur-hvit\/","title":{"rendered":"Kerti og serv\u00edettur, hv\u00edt"},"content":{"rendered":"<p>Hv\u00edt kerti og j\u00f3lasev\u00edettur<\/p>\n","protected":false},"excerpt":{"rendered":"<p>Hv\u00edt kerti og j\u00f3lasev\u00edettur<\/p>\n","protected":false},"featured_media":730,"template":"","meta":[],"product_cat":[15],"product_tag":[],"class_list":["post-729","product","type-product","status-publish","has-post-thumbnail","hentry","product_cat-fjaroflun"],"_links":{"self":[{"href":"https:\/\/afturelding.is\/fjaroflun\/wp-json\/wp\/v2\/product\/729","targetHints":{"allow":["GET"]}}],"collection":[{"href":"https:\/\/afturelding.is\/fjaroflun\/wp-json\/wp\/v2\/product"}],"about":[{"href":"https:\/\/afturelding.is\/fjaroflun\/wp-json\/wp\/v2\/types\/product"}],"wp:featuredmedia":[{"embeddable":true,"href":"https:\/\/afturelding.is\/fjaroflun\/wp-json\/wp\/v2\/media\/730"}],"wp:attachment":[{"href":"https:\/\/afturelding.is\/fjaroflun\/wp-json\/wp\/v2\/media?parent=729"}],"wp:term":[{"taxonomy":"product_cat","embeddable":true,"href":"https:\/\/afturelding.is\/fjaroflun\/wp-json\/wp\/v2\/product_cat?post=729"},{"taxonomy":"product_tag","embeddable":true,"href":"https:\/\/afturelding.is\/fjaroflun\/wp-json\/wp\/v2\/product_tag?post=729"}],"curies":[{"name":"wp","href":"https:\/\/api.w.org\/{rel}","templated":true}]}}