{"id":731,"date":"2021-11-22T19:11:48","date_gmt":"2021-11-22T19:11:48","guid":{"rendered":"https:\/\/afturelding.is\/fjaroflun\/?post_type=product&#038;p=731"},"modified":"2021-12-02T08:55:37","modified_gmt":"2021-12-02T08:55:37","slug":"kerti-og-serviettur-raud","status":"publish","type":"product","link":"https:\/\/afturelding.is\/fjaroflun\/vara\/kerti-og-serviettur-raud\/","title":{"rendered":"Kerti og serv\u00edettur, rau\u00f0"},"content":{"rendered":"<p>Rau\u00f0 kerti og j\u00f3laserv\u00edettur<\/p>\n","protected":false},"excerpt":{"rendered":"<p>Rau\u00f0 kerti og j\u00f3laserv\u00edettur<\/p>\n","protected":false},"featured_media":732,"template":"","meta":[],"product_cat":[15],"product_tag":[],"class_list":["post-731","product","type-product","status-publish","has-post-thumbnail","hentry","product_cat-fjaroflun"],"_links":{"self":[{"href":"https:\/\/afturelding.is\/fjaroflun\/wp-json\/wp\/v2\/product\/731","targetHints":{"allow":["GET"]}}],"collection":[{"href":"https:\/\/afturelding.is\/fjaroflun\/wp-json\/wp\/v2\/product"}],"about":[{"href":"https:\/\/afturelding.is\/fjaroflun\/wp-json\/wp\/v2\/types\/product"}],"wp:featuredmedia":[{"embeddable":true,"href":"https:\/\/afturelding.is\/fjaroflun\/wp-json\/wp\/v2\/media\/732"}],"wp:attachment":[{"href":"https:\/\/afturelding.is\/fjaroflun\/wp-json\/wp\/v2\/media?parent=731"}],"wp:term":[{"taxonomy":"product_cat","embeddable":true,"href":"https:\/\/afturelding.is\/fjaroflun\/wp-json\/wp\/v2\/product_cat?post=731"},{"taxonomy":"product_tag","embeddable":true,"href":"https:\/\/afturelding.is\/fjaroflun\/wp-json\/wp\/v2\/product_tag?post=731"}],"curies":[{"name":"wp","href":"https:\/\/api.w.org\/{rel}","templated":true}]}}