{"id":738,"date":"2021-11-25T23:26:50","date_gmt":"2021-11-25T23:26:50","guid":{"rendered":"https:\/\/afturelding.is\/fjaroflun\/?post_type=product&#038;p=738"},"modified":"2021-12-02T08:55:02","modified_gmt":"2021-12-02T08:55:02","slug":"bokamerki-fidrildi","status":"publish","type":"product","link":"https:\/\/afturelding.is\/fjaroflun\/vara\/bokamerki-fidrildi\/","title":{"rendered":"B\u00f3kamerki &#8211; fi\u00f0rildi"},"content":{"rendered":"<p>Falleg b\u00f3kamerki. Bl\u00f6ndu\u00f0 skrautmerki.<\/p>\n","protected":false},"excerpt":{"rendered":"<p>Falleg b\u00f3kamerki. Bl\u00f6ndu\u00f0 skrautmerki.<\/p>\n","protected":false},"featured_media":739,"template":"","meta":[],"product_cat":[15],"product_tag":[],"class_list":["post-738","product","type-product","status-publish","has-post-thumbnail","hentry","product_cat-fjaroflun"],"_links":{"self":[{"href":"https:\/\/afturelding.is\/fjaroflun\/wp-json\/wp\/v2\/product\/738","targetHints":{"allow":["GET"]}}],"collection":[{"href":"https:\/\/afturelding.is\/fjaroflun\/wp-json\/wp\/v2\/product"}],"about":[{"href":"https:\/\/afturelding.is\/fjaroflun\/wp-json\/wp\/v2\/types\/product"}],"wp:featuredmedia":[{"embeddable":true,"href":"https:\/\/afturelding.is\/fjaroflun\/wp-json\/wp\/v2\/media\/739"}],"wp:attachment":[{"href":"https:\/\/afturelding.is\/fjaroflun\/wp-json\/wp\/v2\/media?parent=738"}],"wp:term":[{"taxonomy":"product_cat","embeddable":true,"href":"https:\/\/afturelding.is\/fjaroflun\/wp-json\/wp\/v2\/product_cat?post=738"},{"taxonomy":"product_tag","embeddable":true,"href":"https:\/\/afturelding.is\/fjaroflun\/wp-json\/wp\/v2\/product_tag?post=738"}],"curies":[{"name":"wp","href":"https:\/\/api.w.org\/{rel}","templated":true}]}}